
{"id":7644,"date":"2023-05-01T21:22:12","date_gmt":"2023-05-01T21:22:12","guid":{"rendered":"https:\/\/realauthentication.com\/?page_id=7644"},"modified":"2026-04-30T18:04:05","modified_gmt":"2026-04-30T18:04:05","slug":"we-authenticate-giuseppe-zanotti","status":"publish","type":"page","link":"https:\/\/realauthentication.com\/pt\/we-authenticate-giuseppe-zanotti\/","title":{"rendered":"We Authenticate Giuseppe Zanotti"},"content":{"rendered":"<div data-elementor-type=\"wp-page\" data-elementor-id=\"7644\" class=\"elementor elementor-7644\" data-elementor-post-type=\"page\">\n\t\t\t\t\t\t<section data-particle_enable=\"false\" data-particle-mobile-disabled=\"false\" class=\"elementor-section elementor-top-section elementor-element elementor-element-096c893 qodef-elementor-content-grid elementor-section-boxed elementor-section-height-default elementor-section-height-default qodef-elementor-stretch-row-no qodef-elementor-overlay-no\" data-id=\"096c893\" data-element_type=\"section\" data-e-type=\"section\">\n\t\t\t\t\t\t<div class=\"elementor-container elementor-column-gap-default\">\n\t\t\t\t\t<div class=\"elementor-column elementor-col-100 elementor-top-column elementor-element elementor-element-0f963ec\" data-id=\"0f963ec\" data-element_type=\"column\" data-e-type=\"column\">\n\t\t\t<div class=\"elementor-widget-wrap elementor-element-populated\">\n\t\t\t\t\t\t<div class=\"elementor-element elementor-element-56ab895 elementor-widget elementor-widget-spacer\" data-id=\"56ab895\" data-element_type=\"widget\" data-e-type=\"widget\" data-widget_type=\"spacer.default\">\n\t\t\t\t<div class=\"elementor-widget-container\">\n\t\t\t\t\t\t\t<div class=\"elementor-spacer\">\n\t\t\t<div class=\"elementor-spacer-inner\"><\/div>\n\t\t<\/div>\n\t\t\t\t\t\t<\/div>\n\t\t\t\t<\/div>\n\t\t\t\t\t<\/div>\n\t\t<\/div>\n\t\t\t\t\t<\/div>\n\t\t<\/section>\n\t\t\t\t<section data-particle_enable=\"false\" data-particle-mobile-disabled=\"false\" class=\"elementor-section elementor-top-section elementor-element elementor-element-f65f917 qodef-elementor-content-grid elementor-section-boxed elementor-section-height-default elementor-section-height-default qodef-elementor-stretch-row-no qodef-elementor-overlay-no\" data-id=\"f65f917\" data-element_type=\"section\" data-e-type=\"section\">\n\t\t\t\t\t\t<div class=\"elementor-container elementor-column-gap-default\">\n\t\t\t\t\t<div class=\"elementor-column elementor-col-50 elementor-top-column elementor-element elementor-element-b6803e8\" data-id=\"b6803e8\" data-element_type=\"column\" data-e-type=\"column\">\n\t\t\t<div class=\"elementor-widget-wrap elementor-element-populated\">\n\t\t\t\t\t\t<div class=\"elementor-element elementor-element-79d672f elementor-widget__width-initial elementor-widget elementor-widget-zermatt_core_section_title\" data-id=\"79d672f\" data-element_type=\"widget\" data-e-type=\"widget\" data-widget_type=\"zermatt_core_section_title.default\">\n\t\t\t\t<div class=\"elementor-widget-container\">\n\t\t\t\t\t<div class=\"qodef-shortcode qodef-m  qodef-section-title qodef-alignment--left\">\n\t\t\t<h1 class=\"qodef-m-title\" >\n\t\t\t\t\tGiuseppe Zanotti\t\t\t<\/h1>\n\t\t<\/div>\t\t\t\t<\/div>\n\t\t\t\t<\/div>\n\t\t\t\t<div class=\"elementor-element elementor-element-193cee7 elementor-widget elementor-widget-text-editor\" data-id=\"193cee7\" data-element_type=\"widget\" data-e-type=\"widget\" data-widget_type=\"text-editor.default\">\n\t\t\t\t<div class=\"elementor-widget-container\">\n\t\t\t\t\t\t\t\t\t<p>Real Authentication is the <a href=\"https:\/\/realauthentication.com\/pt\/services\/\">leading online authentication service<\/a> for luxury goods, offering a reliable and efficient service for authenticating Giuseppe Zanotti products. Our authentication experts conduct a thorough analysis of each product to determine its authenticity, and our secure platform ensures the confidentiality of your information.<\/p><p><strong>About Giuseppe Zanotti<br \/><\/strong>Giuseppe Zanotti is a luxury footwear brand founded in Italy in 1994. Known for its innovative designs and high-quality materials, the brand&#8217;s products are highly coveted among fashion enthusiasts and celebrities worldwide. From sneakers to sandals to boots, Giuseppe Zanotti shoes are made with attention to detail, unique embellishments, and expert craftsmanship, creating an aesthetic that is both contemporary and timeless.<\/p>\t\t\t\t\t\t\t\t<\/div>\n\t\t\t\t<\/div>\n\t\t\t\t<div class=\"elementor-element elementor-element-eaf110c elementor-widget__width-initial elementor-widget elementor-widget-zermatt_core_section_title\" data-id=\"eaf110c\" data-element_type=\"widget\" data-e-type=\"widget\" data-widget_type=\"zermatt_core_section_title.default\">\n\t\t\t\t<div class=\"elementor-widget-container\">\n\t\t\t\t\t<div class=\"qodef-shortcode qodef-m  qodef-section-title qodef-alignment--left\">\n\t\t\t<h2 class=\"qodef-m-title\" >\n\t\t\t\t\tWhy Giuseppe Zanotti Luxury Goods are So Desirable\t\t\t<\/h2>\n\t\t<\/div>\t\t\t\t<\/div>\n\t\t\t\t<\/div>\n\t\t\t\t<div class=\"elementor-element elementor-element-82bcf12 elementor-widget elementor-widget-text-editor\" data-id=\"82bcf12\" data-element_type=\"widget\" data-e-type=\"widget\" data-widget_type=\"text-editor.default\">\n\t\t\t\t<div class=\"elementor-widget-container\">\n\t\t\t\t\t\t\t\t\t<p>Giuseppe Zanotti luxury goods are highly sought after for their unique and innovative designs, high-quality materials, and expert craftsmanship. The brand&#8217;s footwear is a favorite among celebrities, with iconic designs like the &#8220;Kriss&#8221; and &#8220;Frankie&#8221; sneakers. Each Giuseppe Zanotti product is a work of art, crafted with the utmost care and attention to detail, resulting in a distinct aesthetic that is instantly recognizable.<\/p>\t\t\t\t\t\t\t\t<\/div>\n\t\t\t\t<\/div>\n\t\t\t\t<div class=\"elementor-element elementor-element-9dfe6e7 elementor-widget elementor-widget-spacer\" data-id=\"9dfe6e7\" data-element_type=\"widget\" data-e-type=\"widget\" data-widget_type=\"spacer.default\">\n\t\t\t\t<div class=\"elementor-widget-container\">\n\t\t\t\t\t\t\t<div class=\"elementor-spacer\">\n\t\t\t<div class=\"elementor-spacer-inner\"><\/div>\n\t\t<\/div>\n\t\t\t\t\t\t<\/div>\n\t\t\t\t<\/div>\n\t\t\t\t\t<\/div>\n\t\t<\/div>\n\t\t\t\t<div class=\"elementor-column elementor-col-50 elementor-top-column elementor-element elementor-element-427104b\" data-id=\"427104b\" data-element_type=\"column\" data-e-type=\"column\">\n\t\t\t<div class=\"elementor-widget-wrap elementor-element-populated\">\n\t\t\t\t\t\t<div class=\"elementor-element elementor-element-58ffb5a elementor-widget elementor-widget-image\" data-id=\"58ffb5a\" data-element_type=\"widget\" data-e-type=\"widget\" data-widget_type=\"image.default\">\n\t\t\t\t<div class=\"elementor-widget-container\">\n\t\t\t\t\t\t\t\t\t\t\t\t\t\t\t<img decoding=\"async\" src=\"https:\/\/realauthentication.com\/wp-content\/uploads\/2023\/12\/GIUSEPPE-ZANOTTI-authentication.png\" title=\"GIUSEPPE-ZANOTTI-authentication\" alt=\"GIUSEPPE-ZANOTTI-authentication\" loading=\"lazy\" \/>\t\t\t\t\t\t\t\t\t\t\t\t\t\t\t<\/div>\n\t\t\t\t<\/div>\n\t\t\t\t\t<\/div>\n\t\t<\/div>\n\t\t\t\t\t<\/div>\n\t\t<\/section>\n\t\t\t\t<section data-particle_enable=\"false\" data-particle-mobile-disabled=\"false\" class=\"elementor-section elementor-top-section elementor-element elementor-element-5576ec1 elementor-section-boxed elementor-section-height-default elementor-section-height-default qodef-elementor-content-no qodef-elementor-stretch-row-no qodef-elementor-overlay-no\" data-id=\"5576ec1\" data-element_type=\"section\" data-e-type=\"section\" data-settings=\"{&quot;background_background&quot;:&quot;classic&quot;}\">\n\t\t\t\t\t\t<div class=\"elementor-container elementor-column-gap-default\">\n\t\t\t\t\t<div class=\"elementor-column elementor-col-33 elementor-top-column elementor-element elementor-element-d336474\" data-id=\"d336474\" data-element_type=\"column\" data-e-type=\"column\">\n\t\t\t<div class=\"elementor-widget-wrap elementor-element-populated\">\n\t\t\t\t\t\t<div class=\"elementor-element elementor-element-b113ba6 elementor-widget elementor-widget-heading\" data-id=\"b113ba6\" data-element_type=\"widget\" data-e-type=\"widget\" data-widget_type=\"heading.default\">\n\t\t\t\t<div class=\"elementor-widget-container\">\n\t\t\t\t\t<h2 class=\"elementor-heading-title elementor-size-default\">Authenticate Giuseppe Zanotti with Real Authentication<\/h2>\t\t\t\t<\/div>\n\t\t\t\t<\/div>\n\t\t\t\t<div class=\"elementor-element elementor-element-a84f699 elementor-widget elementor-widget-text-editor\" data-id=\"a84f699\" data-element_type=\"widget\" data-e-type=\"widget\" data-widget_type=\"text-editor.default\">\n\t\t\t\t<div class=\"elementor-widget-container\">\n\t\t\t\t\t\t\t\t\t<p>If you&#8217;re looking to add a pair of Giuseppe Zanotti shoes to your collection, it&#8217;s essential to ensure their authenticity. Real Authentication offers online authentication services for Giuseppe Zanotti and other luxury goods brands. Our team of expert authentication specialists is dedicated to ensuring that each product is 100% authentic, giving you the peace of mind that you deserve.<\/p>\t\t\t\t\t\t\t\t<\/div>\n\t\t\t\t<\/div>\n\t\t\t\t\t<\/div>\n\t\t<\/div>\n\t\t\t\t<div class=\"elementor-column elementor-col-33 elementor-top-column elementor-element elementor-element-2f481a6\" data-id=\"2f481a6\" data-element_type=\"column\" data-e-type=\"column\">\n\t\t\t<div class=\"elementor-widget-wrap elementor-element-populated\">\n\t\t\t\t\t\t<div class=\"elementor-element elementor-element-43df4f8 elementor-widget elementor-widget-heading\" data-id=\"43df4f8\" data-element_type=\"widget\" data-e-type=\"widget\" data-widget_type=\"heading.default\">\n\t\t\t\t<div class=\"elementor-widget-container\">\n\t\t\t\t\t<h2 class=\"elementor-heading-title elementor-size-default\">Nosso servi\u00e7o on-line de autentica\u00e7\u00e3o de produtos de luxo<\/h2>\t\t\t\t<\/div>\n\t\t\t\t<\/div>\n\t\t\t\t<div class=\"elementor-element elementor-element-e51cdf1 elementor-widget elementor-widget-text-editor\" data-id=\"e51cdf1\" data-element_type=\"widget\" data-e-type=\"widget\" data-widget_type=\"text-editor.default\">\n\t\t\t\t<div class=\"elementor-widget-container\">\n\t\t\t\t\t\t\t\t\t<p>Real Authentication is the trusted luxury goods authentication service for authentic luxury goods online. Our online authentication for designer goods, including Giuseppe Zanotti, is guaranteed to provide you with a reliable and efficient service. Our authentication experts use state-of-the-art technology and a Intelascan\u2122 to determine authenticity, and once your order is complete, you will receive email notifications with our determination of &#8216;Authentic&#8217; or &#8216;Counterfeit.&#8217; Trust Real Authentication for all your luxury goods authentication needs.<\/p>\t\t\t\t\t\t\t\t<\/div>\n\t\t\t\t<\/div>\n\t\t\t\t\t<\/div>\n\t\t<\/div>\n\t\t\t\t<div class=\"elementor-column elementor-col-33 elementor-top-column elementor-element elementor-element-5cbf2bf\" data-id=\"5cbf2bf\" data-element_type=\"column\" data-e-type=\"column\">\n\t\t\t<div class=\"elementor-widget-wrap elementor-element-populated\">\n\t\t\t\t\t\t<div class=\"elementor-element elementor-element-7950918 elementor-widget elementor-widget-heading\" data-id=\"7950918\" data-element_type=\"widget\" data-e-type=\"widget\" data-widget_type=\"heading.default\">\n\t\t\t\t<div class=\"elementor-widget-container\">\n\t\t\t\t\t<h2 class=\"elementor-heading-title elementor-size-default\">Trust Real Authentication for Your Luxury Goods<\/h2>\t\t\t\t<\/div>\n\t\t\t\t<\/div>\n\t\t\t\t<div class=\"elementor-element elementor-element-2b42cc1 elementor-widget__width-initial elementor-widget elementor-widget-text-editor\" data-id=\"2b42cc1\" data-element_type=\"widget\" data-e-type=\"widget\" data-widget_type=\"text-editor.default\">\n\t\t\t\t<div class=\"elementor-widget-container\">\n\t\t\t\t\t\t\t\t\t<p>Real Authentication is the most trusted and reliable online authentication service for luxury goods, including Giuseppe Zanotti products. Our authentication experts use the latest technology and techniques to provide a guaranteed luxury goods authentication service, all conducted on our secure platform. Trust Real Authentication for your online luxury goods authentication needs and experience the peace of mind that comes with our trusted authentication experts.<\/p>\t\t\t\t\t\t\t\t<\/div>\n\t\t\t\t<\/div>\n\t\t\t\t\t<\/div>\n\t\t<\/div>\n\t\t\t\t\t<\/div>\n\t\t<\/section>\n\t\t\t\t<section data-particle_enable=\"false\" data-particle-mobile-disabled=\"false\" class=\"elementor-section elementor-top-section elementor-element elementor-element-263992a4 qodef-elementor-content-grid elementor-section-boxed elementor-section-height-default elementor-section-height-default qodef-elementor-stretch-row-no qodef-elementor-overlay-no\" data-id=\"263992a4\" data-element_type=\"section\" data-e-type=\"section\">\n\t\t\t\t\t\t<div class=\"elementor-container elementor-column-gap-default\">\n\t\t\t\t\t<div class=\"elementor-column elementor-col-50 elementor-top-column elementor-element elementor-element-1ce14c71\" data-id=\"1ce14c71\" data-element_type=\"column\" data-e-type=\"column\">\n\t\t\t<div class=\"elementor-widget-wrap elementor-element-populated\">\n\t\t\t\t\t\t<div class=\"elementor-element elementor-element-de3a544 elementor-widget__width-initial elementor-widget elementor-widget-image\" data-id=\"de3a544\" data-element_type=\"widget\" data-e-type=\"widget\" data-widget_type=\"image.default\">\n\t\t\t\t<div class=\"elementor-widget-container\">\n\t\t\t\t\t\t\t\t\t\t\t\t\t\t\t\t<a href=\"https:\/\/realauthentication.com\/pt\/real-plus\/\">\n\t\t\t\t\t\t\t<img fetchpriority=\"high\" decoding=\"async\" width=\"1024\" height=\"707\" src=\"https:\/\/realauthentication.com\/wp-content\/uploads\/2023\/06\/luxury-boutique-1024x707.jpg\" class=\"attachment-large size-large wp-image-8129\" alt=\"Real Authentication Real Plus Thumbnail - Luxury Boutique storefront\" srcset=\"https:\/\/realauthentication.com\/wp-content\/uploads\/2023\/06\/luxury-boutique-1024x707.jpg 1024w, https:\/\/realauthentication.com\/wp-content\/uploads\/2023\/06\/luxury-boutique-300x207.jpg 300w, https:\/\/realauthentication.com\/wp-content\/uploads\/2023\/06\/luxury-boutique-768x530.jpg 768w, https:\/\/realauthentication.com\/wp-content\/uploads\/2023\/06\/luxury-boutique-1536x1061.jpg 1536w, https:\/\/realauthentication.com\/wp-content\/uploads\/2023\/06\/luxury-boutique.jpg 2000w\" sizes=\"(max-width: 1024px) 100vw, 1024px\" \/>\t\t\t\t\t\t\t\t<\/a>\n\t\t\t\t\t\t\t\t\t\t\t\t\t\t\t<\/div>\n\t\t\t\t<\/div>\n\t\t\t\t\t<\/div>\n\t\t<\/div>\n\t\t\t\t<div class=\"elementor-column elementor-col-50 elementor-top-column elementor-element elementor-element-1cd30476\" data-id=\"1cd30476\" data-element_type=\"column\" data-e-type=\"column\">\n\t\t\t<div class=\"elementor-widget-wrap elementor-element-populated\">\n\t\t\t\t\t\t<div class=\"elementor-element elementor-element-c654b22 elementor-widget elementor-widget-heading\" data-id=\"c654b22\" data-element_type=\"widget\" data-e-type=\"widget\" data-widget_type=\"heading.default\">\n\t\t\t\t<div class=\"elementor-widget-container\">\n\t\t\t\t\t<h2 class=\"elementor-heading-title elementor-size-default\">Savings &amp; Flexible Authentication with the REAL+ Program<\/h2>\t\t\t\t<\/div>\n\t\t\t\t<\/div>\n\t\t\t\t<div class=\"elementor-element elementor-element-3a7e0fe1 elementor-widget__width-initial elementor-widget elementor-widget-text-editor\" data-id=\"3a7e0fe1\" data-element_type=\"widget\" data-e-type=\"widget\" data-widget_type=\"text-editor.default\">\n\t\t\t\t<div class=\"elementor-widget-container\">\n\t\t\t\t\t\t\t\t\t<p><a href=\"https:\/\/realauthentication.com\/pt\/real-plus\/\">REAL+<\/a> is an unrivaled, self-elected discount program offering unbeatable savings up to 30% and flexible options for authenticating your luxury items. Select your own discount tier to start saving today!<\/p>\t\t\t\t\t\t\t\t<\/div>\n\t\t\t\t<\/div>\n\t\t\t\t<div class=\"elementor-element elementor-element-25932778 elementor-widget elementor-widget-button\" data-id=\"25932778\" data-element_type=\"widget\" data-e-type=\"widget\" data-widget_type=\"button.default\">\n\t\t\t\t<div class=\"elementor-widget-container\">\n\t\t\t\t\t\t\t\t\t<div class=\"elementor-button-wrapper\">\n\t\t\t\t\t<a class=\"elementor-button elementor-button-link elementor-size-md\" href=\"https:\/\/realauthentication.com\/pt\/real-plus\/\">\n\t\t\t\t\t\t<span class=\"elementor-button-content-wrapper\">\n\t\t\t\t\t\t\t\t\t<span class=\"elementor-button-text\">SAIBA MAIS<\/span>\n\t\t\t\t\t<\/span>\n\t\t\t\t\t<\/a>\n\t\t\t\t<\/div>\n\t\t\t\t\t\t\t\t<\/div>\n\t\t\t\t<\/div>\n\t\t\t\t\t<\/div>\n\t\t<\/div>\n\t\t\t\t\t<\/div>\n\t\t<\/section>\n\t\t\t\t<\/div>","protected":false},"excerpt":{"rendered":"<p>Giuseppe Zanotti Real Authentication is the leading online authentication service for luxury goods, offering a reliable and efficient service for authenticating Giuseppe Zanotti products. Our authentication experts conduct a thorough analysis of each product to determine its authenticity, and our secure platform ensures the confidentiality of your information. About Giuseppe ZanottiGiuseppe Zanotti is a luxury [&hellip;]<\/p>\n","protected":false},"author":7,"featured_media":9696,"parent":0,"menu_order":0,"comment_status":"closed","ping_status":"closed","template":"page-full-width.php","meta":{"_acf_changed":false,"footnotes":""},"class_list":["post-7644","page","type-page","status-publish","has-post-thumbnail","hentry"],"acf":[],"yoast_head":"<!-- This site is optimized with the Yoast SEO plugin v27.5 - https:\/\/yoast.com\/product\/yoast-seo-wordpress\/ -->\n<title>We Authenticate Giuseppe Zanotti - REAL AUTHENTICATION<\/title>\n<meta name=\"description\" content=\"The leading online authentication service for luxury goods, offering a reliable and efficient service for authenticating Giuseppe Zanotti.\" \/>\n<meta name=\"robots\" content=\"index, follow, max-snippet:-1, max-image-preview:large, max-video-preview:-1\" \/>\n<link rel=\"canonical\" href=\"https:\/\/realauthentication.com\/pt\/we-authenticate-giuseppe-zanotti\/\" \/>\n<meta property=\"og:locale\" content=\"pt_BR\" \/>\n<meta property=\"og:type\" content=\"article\" \/>\n<meta property=\"og:title\" content=\"We Authenticate Giuseppe Zanotti - REAL AUTHENTICATION\" \/>\n<meta property=\"og:description\" content=\"The leading online authentication service for luxury goods, offering a reliable and efficient service for authenticating Giuseppe Zanotti.\" \/>\n<meta property=\"og:url\" content=\"https:\/\/realauthentication.com\/pt\/we-authenticate-giuseppe-zanotti\/\" \/>\n<meta property=\"og:site_name\" content=\"REAL AUTHENTICATION\" \/>\n<meta property=\"article:modified_time\" content=\"2026-04-30T18:04:05+00:00\" \/>\n<meta property=\"og:image\" content=\"https:\/\/realauthentication.com\/wp-content\/uploads\/2025\/05\/Real-Authentication-Giuseppe-Zanotti-Brand-Page-Thumbnail.jpg\" \/>\n\t<meta property=\"og:image:width\" content=\"1075\" \/>\n\t<meta property=\"og:image:height\" content=\"1075\" \/>\n\t<meta property=\"og:image:type\" content=\"image\/jpeg\" \/>\n<meta name=\"twitter:card\" content=\"summary_large_image\" \/>\n<meta name=\"twitter:label1\" content=\"Est. reading time\" \/>\n\t<meta name=\"twitter:data1\" content=\"3 minutos\" \/>\n<script type=\"application\/ld+json\" class=\"yoast-schema-graph\">{\"@context\":\"https:\\\/\\\/schema.org\",\"@graph\":[{\"@type\":\"WebPage\",\"@id\":\"https:\\\/\\\/realauthentication.com\\\/we-authenticate-giuseppe-zanotti\\\/\",\"url\":\"https:\\\/\\\/realauthentication.com\\\/we-authenticate-giuseppe-zanotti\\\/\",\"name\":\"We Authenticate Giuseppe Zanotti - REAL AUTHENTICATION\",\"isPartOf\":{\"@id\":\"https:\\\/\\\/realauthentication.com\\\/#website\"},\"primaryImageOfPage\":{\"@id\":\"https:\\\/\\\/realauthentication.com\\\/we-authenticate-giuseppe-zanotti\\\/#primaryimage\"},\"image\":{\"@id\":\"https:\\\/\\\/realauthentication.com\\\/we-authenticate-giuseppe-zanotti\\\/#primaryimage\"},\"thumbnailUrl\":\"https:\\\/\\\/realauthentication.com\\\/wp-content\\\/uploads\\\/2025\\\/05\\\/Real-Authentication-Giuseppe-Zanotti-Brand-Page-Thumbnail.jpg\",\"datePublished\":\"2023-05-01T21:22:12+00:00\",\"dateModified\":\"2026-04-30T18:04:05+00:00\",\"description\":\"The leading online authentication service for luxury goods, offering a reliable and efficient service for authenticating Giuseppe Zanotti.\",\"breadcrumb\":{\"@id\":\"https:\\\/\\\/realauthentication.com\\\/we-authenticate-giuseppe-zanotti\\\/#breadcrumb\"},\"inLanguage\":\"pt-BR\",\"potentialAction\":[{\"@type\":\"ReadAction\",\"target\":[\"https:\\\/\\\/realauthentication.com\\\/we-authenticate-giuseppe-zanotti\\\/\"]}]},{\"@type\":\"ImageObject\",\"inLanguage\":\"pt-BR\",\"@id\":\"https:\\\/\\\/realauthentication.com\\\/we-authenticate-giuseppe-zanotti\\\/#primaryimage\",\"url\":\"https:\\\/\\\/realauthentication.com\\\/wp-content\\\/uploads\\\/2025\\\/05\\\/Real-Authentication-Giuseppe-Zanotti-Brand-Page-Thumbnail.jpg\",\"contentUrl\":\"https:\\\/\\\/realauthentication.com\\\/wp-content\\\/uploads\\\/2025\\\/05\\\/Real-Authentication-Giuseppe-Zanotti-Brand-Page-Thumbnail.jpg\",\"width\":1075,\"height\":1075,\"caption\":\"Real Authentication Giuseppe Zanotti Brand Page Thumbnail\"},{\"@type\":\"BreadcrumbList\",\"@id\":\"https:\\\/\\\/realauthentication.com\\\/we-authenticate-giuseppe-zanotti\\\/#breadcrumb\",\"itemListElement\":[{\"@type\":\"ListItem\",\"position\":1,\"name\":\"Home\",\"item\":\"https:\\\/\\\/realauthentication.com\\\/\"},{\"@type\":\"ListItem\",\"position\":2,\"name\":\"We Authenticate Giuseppe Zanotti\"}]},{\"@type\":\"WebSite\",\"@id\":\"https:\\\/\\\/realauthentication.com\\\/#website\",\"url\":\"https:\\\/\\\/realauthentication.com\\\/\",\"name\":\"REAL AUTHENTICATION\",\"description\":\"Luxury Designer Authentication Services\",\"potentialAction\":[{\"@type\":\"SearchAction\",\"target\":{\"@type\":\"EntryPoint\",\"urlTemplate\":\"https:\\\/\\\/realauthentication.com\\\/?s={search_term_string}\"},\"query-input\":{\"@type\":\"PropertyValueSpecification\",\"valueRequired\":true,\"valueName\":\"search_term_string\"}}],\"inLanguage\":\"pt-BR\"}]}<\/script>\n<!-- \/ Yoast SEO plugin. -->","yoast_head_json":{"title":"We Authenticate Giuseppe Zanotti - REAL AUTHENTICATION","description":"The leading online authentication service for luxury goods, offering a reliable and efficient service for authenticating Giuseppe Zanotti.","robots":{"index":"index","follow":"follow","max-snippet":"max-snippet:-1","max-image-preview":"max-image-preview:large","max-video-preview":"max-video-preview:-1"},"canonical":"https:\/\/realauthentication.com\/pt\/we-authenticate-giuseppe-zanotti\/","og_locale":"pt_BR","og_type":"article","og_title":"We Authenticate Giuseppe Zanotti - REAL AUTHENTICATION","og_description":"The leading online authentication service for luxury goods, offering a reliable and efficient service for authenticating Giuseppe Zanotti.","og_url":"https:\/\/realauthentication.com\/pt\/we-authenticate-giuseppe-zanotti\/","og_site_name":"REAL AUTHENTICATION","article_modified_time":"2026-04-30T18:04:05+00:00","og_image":[{"width":1075,"height":1075,"url":"https:\/\/realauthentication.com\/wp-content\/uploads\/2025\/05\/Real-Authentication-Giuseppe-Zanotti-Brand-Page-Thumbnail.jpg","type":"image\/jpeg"}],"twitter_card":"summary_large_image","twitter_misc":{"Est. reading time":"3 minutos"},"schema":{"@context":"https:\/\/schema.org","@graph":[{"@type":"WebPage","@id":"https:\/\/realauthentication.com\/we-authenticate-giuseppe-zanotti\/","url":"https:\/\/realauthentication.com\/we-authenticate-giuseppe-zanotti\/","name":"We Authenticate Giuseppe Zanotti - REAL AUTHENTICATION","isPartOf":{"@id":"https:\/\/realauthentication.com\/#website"},"primaryImageOfPage":{"@id":"https:\/\/realauthentication.com\/we-authenticate-giuseppe-zanotti\/#primaryimage"},"image":{"@id":"https:\/\/realauthentication.com\/we-authenticate-giuseppe-zanotti\/#primaryimage"},"thumbnailUrl":"https:\/\/realauthentication.com\/wp-content\/uploads\/2025\/05\/Real-Authentication-Giuseppe-Zanotti-Brand-Page-Thumbnail.jpg","datePublished":"2023-05-01T21:22:12+00:00","dateModified":"2026-04-30T18:04:05+00:00","description":"The leading online authentication service for luxury goods, offering a reliable and efficient service for authenticating Giuseppe Zanotti.","breadcrumb":{"@id":"https:\/\/realauthentication.com\/we-authenticate-giuseppe-zanotti\/#breadcrumb"},"inLanguage":"pt-BR","potentialAction":[{"@type":"ReadAction","target":["https:\/\/realauthentication.com\/we-authenticate-giuseppe-zanotti\/"]}]},{"@type":"ImageObject","inLanguage":"pt-BR","@id":"https:\/\/realauthentication.com\/we-authenticate-giuseppe-zanotti\/#primaryimage","url":"https:\/\/realauthentication.com\/wp-content\/uploads\/2025\/05\/Real-Authentication-Giuseppe-Zanotti-Brand-Page-Thumbnail.jpg","contentUrl":"https:\/\/realauthentication.com\/wp-content\/uploads\/2025\/05\/Real-Authentication-Giuseppe-Zanotti-Brand-Page-Thumbnail.jpg","width":1075,"height":1075,"caption":"Real Authentication Giuseppe Zanotti Brand Page Thumbnail"},{"@type":"BreadcrumbList","@id":"https:\/\/realauthentication.com\/we-authenticate-giuseppe-zanotti\/#breadcrumb","itemListElement":[{"@type":"ListItem","position":1,"name":"Home","item":"https:\/\/realauthentication.com\/"},{"@type":"ListItem","position":2,"name":"We Authenticate Giuseppe Zanotti"}]},{"@type":"WebSite","@id":"https:\/\/realauthentication.com\/#website","url":"https:\/\/realauthentication.com\/","name":"AUTENTICA\u00c7\u00c3O REAL","description":"Servi\u00e7os de autentica\u00e7\u00e3o de designers de luxo","potentialAction":[{"@type":"SearchAction","target":{"@type":"EntryPoint","urlTemplate":"https:\/\/realauthentication.com\/?s={search_term_string}"},"query-input":{"@type":"PropertyValueSpecification","valueRequired":true,"valueName":"search_term_string"}}],"inLanguage":"pt-BR"}]}},"featured_image_src":"https:\/\/realauthentication.com\/wp-content\/uploads\/2025\/05\/Real-Authentication-Giuseppe-Zanotti-Brand-Page-Thumbnail-600x400.jpg","featured_image_src_square":"https:\/\/realauthentication.com\/wp-content\/uploads\/2025\/05\/Real-Authentication-Giuseppe-Zanotti-Brand-Page-Thumbnail-600x600.jpg","_links":{"self":[{"href":"https:\/\/realauthentication.com\/pt\/wp-json\/wp\/v2\/pages\/7644","targetHints":{"allow":["GET"]}}],"collection":[{"href":"https:\/\/realauthentication.com\/pt\/wp-json\/wp\/v2\/pages"}],"about":[{"href":"https:\/\/realauthentication.com\/pt\/wp-json\/wp\/v2\/types\/page"}],"author":[{"embeddable":true,"href":"https:\/\/realauthentication.com\/pt\/wp-json\/wp\/v2\/users\/7"}],"replies":[{"embeddable":true,"href":"https:\/\/realauthentication.com\/pt\/wp-json\/wp\/v2\/comments?post=7644"}],"version-history":[{"count":0,"href":"https:\/\/realauthentication.com\/pt\/wp-json\/wp\/v2\/pages\/7644\/revisions"}],"wp:featuredmedia":[{"embeddable":true,"href":"https:\/\/realauthentication.com\/pt\/wp-json\/wp\/v2\/media\/9696"}],"wp:attachment":[{"href":"https:\/\/realauthentication.com\/pt\/wp-json\/wp\/v2\/media?parent=7644"}],"curies":[{"name":"wp","href":"https:\/\/api.w.org\/{rel}","templated":true}]}}