
{"id":7675,"date":"2023-05-02T17:58:26","date_gmt":"2023-05-02T17:58:26","guid":{"rendered":"https:\/\/realauthentication.com\/?page_id=7675"},"modified":"2025-06-23T18:04:22","modified_gmt":"2025-06-23T18:04:22","slug":"we-authenticate-carolina-herrera","status":"publish","type":"page","link":"https:\/\/realauthentication.com\/fr\/we-authenticate-carolina-herrera\/","title":{"rendered":"We Authenticate Carolina Herrera"},"content":{"rendered":"<div data-elementor-type=\"wp-page\" data-elementor-id=\"7675\" class=\"elementor elementor-7675\" data-elementor-post-type=\"page\">\n\t\t\t\t\t\t<section data-particle_enable=\"false\" data-particle-mobile-disabled=\"false\" class=\"elementor-section elementor-top-section elementor-element elementor-element-096c893 qodef-elementor-content-grid elementor-section-boxed elementor-section-height-default elementor-section-height-default qodef-elementor-stretch-row-no qodef-elementor-overlay-no\" data-id=\"096c893\" data-element_type=\"section\" data-e-type=\"section\">\n\t\t\t\t\t\t<div class=\"elementor-container elementor-column-gap-default\">\n\t\t\t\t\t<div class=\"elementor-column elementor-col-100 elementor-top-column elementor-element elementor-element-0f963ec\" data-id=\"0f963ec\" data-element_type=\"column\" data-e-type=\"column\">\n\t\t\t<div class=\"elementor-widget-wrap elementor-element-populated\">\n\t\t\t\t\t\t<div class=\"elementor-element elementor-element-56ab895 elementor-widget elementor-widget-spacer\" data-id=\"56ab895\" data-element_type=\"widget\" data-e-type=\"widget\" data-widget_type=\"spacer.default\">\n\t\t\t\t<div class=\"elementor-widget-container\">\n\t\t\t\t\t\t\t<div class=\"elementor-spacer\">\n\t\t\t<div class=\"elementor-spacer-inner\"><\/div>\n\t\t<\/div>\n\t\t\t\t\t\t<\/div>\n\t\t\t\t<\/div>\n\t\t\t\t\t<\/div>\n\t\t<\/div>\n\t\t\t\t\t<\/div>\n\t\t<\/section>\n\t\t\t\t<section data-particle_enable=\"false\" data-particle-mobile-disabled=\"false\" class=\"elementor-section elementor-top-section elementor-element elementor-element-f65f917 qodef-elementor-content-grid elementor-section-boxed elementor-section-height-default elementor-section-height-default qodef-elementor-stretch-row-no qodef-elementor-overlay-no\" data-id=\"f65f917\" data-element_type=\"section\" data-e-type=\"section\">\n\t\t\t\t\t\t<div class=\"elementor-container elementor-column-gap-default\">\n\t\t\t\t\t<div class=\"elementor-column elementor-col-50 elementor-top-column elementor-element elementor-element-b6803e8\" data-id=\"b6803e8\" data-element_type=\"column\" data-e-type=\"column\">\n\t\t\t<div class=\"elementor-widget-wrap elementor-element-populated\">\n\t\t\t\t\t\t<div class=\"elementor-element elementor-element-79d672f elementor-widget__width-initial elementor-widget elementor-widget-zermatt_core_section_title\" data-id=\"79d672f\" data-element_type=\"widget\" data-e-type=\"widget\" data-widget_type=\"zermatt_core_section_title.default\">\n\t\t\t\t<div class=\"elementor-widget-container\">\n\t\t\t\t\t<div class=\"qodef-shortcode qodef-m  qodef-section-title qodef-alignment--left\">\n\t\t\t<h1 class=\"qodef-m-title\" >\n\t\t\t\t\tCarolina Herrera\t\t\t<\/h1>\n\t\t<\/div>\t\t\t\t<\/div>\n\t\t\t\t<\/div>\n\t\t\t\t<div class=\"elementor-element elementor-element-193cee7 elementor-widget elementor-widget-text-editor\" data-id=\"193cee7\" data-element_type=\"widget\" data-e-type=\"widget\" data-widget_type=\"text-editor.default\">\n\t\t\t\t<div class=\"elementor-widget-container\">\n\t\t\t\t\t\t\t\t\t<p style=\"font-weight: 400;\">Real Authentication is the leading <a href=\"https:\/\/realauthentication.com\/fr\/services\/\">online authentication service<\/a> for luxury goods, offering a reliable and efficient service for authenticating Carolina Herrera products. Our authentication experts conduct a thorough analysis of each product to determine its authenticity, and our secure platform ensures the confidentiality of your information. Get started on your Carolina Herrera authenticity check <a href=\"https:\/\/app.realauthentication.com\/authenticate-item\/sign-in?_gl=1*1dv4884*_gcl_au*MTA0MjU0Mzk1LjE3MzI1NDY1NzguMTI4OTQyMjkxMS4xNzMzMDYxMjQzLjE3MzMwNjEyNTA.\">ici<\/a>.<\/p>\n<p style=\"font-weight: 400;\"><strong>About Carolina Herrera<\/strong><\/p>\n<p style=\"font-weight: 400;\">Carolina Herrera is a luxury fashion brand founded by Venezuelan designer Carolina Herrera in 1980. Known for her elegant and sophisticated designs, the brand&#8217;s products are made with the finest materials and craftsmanship. Each Carolina Herrera product is a true reflection of the brand&#8217;s commitment to quality, style, and elegance.<\/p>\t\t\t\t\t\t\t\t<\/div>\n\t\t\t\t<\/div>\n\t\t\t\t<div class=\"elementor-element elementor-element-eaf110c elementor-widget__width-initial elementor-widget elementor-widget-zermatt_core_section_title\" data-id=\"eaf110c\" data-element_type=\"widget\" data-e-type=\"widget\" data-widget_type=\"zermatt_core_section_title.default\">\n\t\t\t\t<div class=\"elementor-widget-container\">\n\t\t\t\t\t<div class=\"qodef-shortcode qodef-m  qodef-section-title qodef-alignment--left\">\n\t\t\t<h2 class=\"qodef-m-title\" >\n\t\t\t\t\tWhy Carolina Herrera Luxury Goods are So Desirable\t\t\t<\/h2>\n\t\t<\/div>\t\t\t\t<\/div>\n\t\t\t\t<\/div>\n\t\t\t\t<div class=\"elementor-element elementor-element-82bcf12 elementor-widget elementor-widget-text-editor\" data-id=\"82bcf12\" data-element_type=\"widget\" data-e-type=\"widget\" data-widget_type=\"text-editor.default\">\n\t\t\t\t<div class=\"elementor-widget-container\">\n\t\t\t\t\t\t\t\t\t<p style=\"font-weight: 400;\">Carolina Herrera luxury goods are highly coveted for their timeless designs and exquisite craftsmanship. From their iconic handbags to their elegant clothing and accessories, Carolina Herrera products are the epitome of luxury and sophistication. Each product is meticulously crafted with the finest materials and attention to detail, ensuring that they are not only beautiful but also durable.<\/p>\t\t\t\t\t\t\t\t<\/div>\n\t\t\t\t<\/div>\n\t\t\t\t<div class=\"elementor-element elementor-element-9dfe6e7 elementor-widget elementor-widget-spacer\" data-id=\"9dfe6e7\" data-element_type=\"widget\" data-e-type=\"widget\" data-widget_type=\"spacer.default\">\n\t\t\t\t<div class=\"elementor-widget-container\">\n\t\t\t\t\t\t\t<div class=\"elementor-spacer\">\n\t\t\t<div class=\"elementor-spacer-inner\"><\/div>\n\t\t<\/div>\n\t\t\t\t\t\t<\/div>\n\t\t\t\t<\/div>\n\t\t\t\t\t<\/div>\n\t\t<\/div>\n\t\t\t\t<div class=\"elementor-column elementor-col-50 elementor-top-column elementor-element elementor-element-427104b\" data-id=\"427104b\" data-element_type=\"column\" data-e-type=\"column\">\n\t\t\t<div class=\"elementor-widget-wrap elementor-element-populated\">\n\t\t\t\t\t\t\t<\/div>\n\t\t<\/div>\n\t\t\t\t\t<\/div>\n\t\t<\/section>\n\t\t\t\t<section data-particle_enable=\"false\" data-particle-mobile-disabled=\"false\" class=\"elementor-section elementor-top-section elementor-element elementor-element-8b52db8 elementor-section-boxed elementor-section-height-default elementor-section-height-default qodef-elementor-content-no qodef-elementor-stretch-row-no qodef-elementor-overlay-no\" data-id=\"8b52db8\" data-element_type=\"section\" data-e-type=\"section\" data-settings=\"{&quot;background_background&quot;:&quot;classic&quot;}\">\n\t\t\t\t\t\t<div class=\"elementor-container elementor-column-gap-default\">\n\t\t\t\t\t<div class=\"elementor-column elementor-col-33 elementor-top-column elementor-element elementor-element-af503c3\" data-id=\"af503c3\" data-element_type=\"column\" data-e-type=\"column\">\n\t\t\t<div class=\"elementor-widget-wrap elementor-element-populated\">\n\t\t\t\t\t\t<div class=\"elementor-element elementor-element-be400d3 elementor-widget elementor-widget-heading\" data-id=\"be400d3\" data-element_type=\"widget\" data-e-type=\"widget\" data-widget_type=\"heading.default\">\n\t\t\t\t<div class=\"elementor-widget-container\">\n\t\t\t\t\t<h2 class=\"elementor-heading-title elementor-size-default\">Authenticate Carolina Herrera with Real Authentication<\/h2>\t\t\t\t<\/div>\n\t\t\t\t<\/div>\n\t\t\t\t<div class=\"elementor-element elementor-element-edb45ff elementor-widget elementor-widget-text-editor\" data-id=\"edb45ff\" data-element_type=\"widget\" data-e-type=\"widget\" data-widget_type=\"text-editor.default\">\n\t\t\t\t<div class=\"elementor-widget-container\">\n\t\t\t\t\t\t\t\t\t<p style=\"font-weight: 400;\">If you&#8217;re looking to add a Carolina Herrera product to your collection, it&#8217;s essential to ensure its authenticity. Real Authentication offers online authentication services for Carolina Herrera and other luxury goods brands. Our team of expert authentication specialists is dedicated to ensuring that each product is 100% authentic, giving you the peace of mind that you deserve.<\/p>\t\t\t\t\t\t\t\t<\/div>\n\t\t\t\t<\/div>\n\t\t\t\t\t<\/div>\n\t\t<\/div>\n\t\t\t\t<div class=\"elementor-column elementor-col-33 elementor-top-column elementor-element elementor-element-c6cead2\" data-id=\"c6cead2\" data-element_type=\"column\" data-e-type=\"column\">\n\t\t\t<div class=\"elementor-widget-wrap elementor-element-populated\">\n\t\t\t\t\t\t<div class=\"elementor-element elementor-element-91edd57 elementor-widget elementor-widget-heading\" data-id=\"91edd57\" data-element_type=\"widget\" data-e-type=\"widget\" data-widget_type=\"heading.default\">\n\t\t\t\t<div class=\"elementor-widget-container\">\n\t\t\t\t\t<h2 class=\"elementor-heading-title elementor-size-default\">Notre service d'authentification en ligne des produits de luxe<\/h2>\t\t\t\t<\/div>\n\t\t\t\t<\/div>\n\t\t\t\t<div class=\"elementor-element elementor-element-a201b7e elementor-widget elementor-widget-text-editor\" data-id=\"a201b7e\" data-element_type=\"widget\" data-e-type=\"widget\" data-widget_type=\"text-editor.default\">\n\t\t\t\t<div class=\"elementor-widget-container\">\n\t\t\t\t\t\t\t\t\t<p style=\"font-weight: 400;\">Real Authentication is the trusted luxury goods authentication service for authentic luxury goods online. Our online authentication for designer goods, including Carolina Herrera, is guaranteed to provide you with a reliable and efficient service. Our authentication experts use state-of-the-art technology and a Intelascan\u2122 to determine authenticity, and once your order is complete, you will receive email notifications with our determination of &#8216;Authentic&#8217; or &#8216;Counterfeit.&#8217; Trust Real Authentication for all your luxury goods authentication needs.<\/p>\t\t\t\t\t\t\t\t<\/div>\n\t\t\t\t<\/div>\n\t\t\t\t\t<\/div>\n\t\t<\/div>\n\t\t\t\t<div class=\"elementor-column elementor-col-33 elementor-top-column elementor-element elementor-element-c260cbe\" data-id=\"c260cbe\" data-element_type=\"column\" data-e-type=\"column\">\n\t\t\t<div class=\"elementor-widget-wrap elementor-element-populated\">\n\t\t\t\t\t\t<div class=\"elementor-element elementor-element-a7b3838 elementor-widget elementor-widget-heading\" data-id=\"a7b3838\" data-element_type=\"widget\" data-e-type=\"widget\" data-widget_type=\"heading.default\">\n\t\t\t\t<div class=\"elementor-widget-container\">\n\t\t\t\t\t<h2 class=\"elementor-heading-title elementor-size-default\">Trust Real Authentication for Your Luxury Goods<\/h2>\t\t\t\t<\/div>\n\t\t\t\t<\/div>\n\t\t\t\t<div class=\"elementor-element elementor-element-04f29ec elementor-widget elementor-widget-text-editor\" data-id=\"04f29ec\" data-element_type=\"widget\" data-e-type=\"widget\" data-widget_type=\"text-editor.default\">\n\t\t\t\t<div class=\"elementor-widget-container\">\n\t\t\t\t\t\t\t\t\t<p style=\"font-weight: 400;\">Real Authentication is the most trusted and reliable online authentication service for luxury goods, including Carolina Herrera products. Our authentication experts use the latest technology and techniques to provide a guaranteed luxury goods authentication service, all conducted on our secure platform. Trust Real Authentication for your online luxury goods authentication needs and experience the peace of mind that comes with our trusted authentication experts.<\/p>\t\t\t\t\t\t\t\t<\/div>\n\t\t\t\t<\/div>\n\t\t\t\t\t<\/div>\n\t\t<\/div>\n\t\t\t\t\t<\/div>\n\t\t<\/section>\n\t\t\t\t<section data-particle_enable=\"false\" data-particle-mobile-disabled=\"false\" class=\"elementor-section elementor-top-section elementor-element elementor-element-2070dac qodef-elementor-content-grid elementor-section-boxed elementor-section-height-default elementor-section-height-default qodef-elementor-stretch-row-no qodef-elementor-overlay-no\" data-id=\"2070dac\" data-element_type=\"section\" data-e-type=\"section\">\n\t\t\t\t\t\t<div class=\"elementor-container elementor-column-gap-default\">\n\t\t\t\t\t<div class=\"elementor-column elementor-col-50 elementor-top-column elementor-element elementor-element-b6c3a16\" data-id=\"b6c3a16\" data-element_type=\"column\" data-e-type=\"column\">\n\t\t\t<div class=\"elementor-widget-wrap elementor-element-populated\">\n\t\t\t\t\t\t<div class=\"elementor-element elementor-element-4cc4d92 elementor-widget elementor-widget-image\" data-id=\"4cc4d92\" data-element_type=\"widget\" data-e-type=\"widget\" data-widget_type=\"image.default\">\n\t\t\t\t<div class=\"elementor-widget-container\">\n\t\t\t\t\t\t\t\t\t\t\t\t\t\t\t\t<a href=\"https:\/\/apps.apple.com\/us\/app\/real-authentication\/id1170927767\" target=\"_blank\">\n\t\t\t\t\t\t\t<img decoding=\"async\" src=\"https:\/\/realauthentication.com\/wp-content\/uploads\/elementor\/thumbs\/ra-about-download-b-qus6er0ibsjr9uti4q3kuu3xeac07mmxd78qlqy6za.png\" title=\"Application d&#039;authentification r\u00e9elle\" alt=\"Louis Vuitton and Real Authentication logo on mobile cut out for Real Authentication App section\" loading=\"lazy\" \/>\t\t\t\t\t\t\t\t<\/a>\n\t\t\t\t\t\t\t\t\t\t\t\t\t\t\t<\/div>\n\t\t\t\t<\/div>\n\t\t\t\t\t<\/div>\n\t\t<\/div>\n\t\t\t\t<div class=\"elementor-column elementor-col-50 elementor-top-column elementor-element elementor-element-a81a563\" data-id=\"a81a563\" data-element_type=\"column\" data-e-type=\"column\">\n\t\t\t<div class=\"elementor-widget-wrap elementor-element-populated\">\n\t\t\t\t\t\t<div class=\"elementor-element elementor-element-461d265 elementor-widget elementor-widget-heading\" data-id=\"461d265\" data-element_type=\"widget\" data-e-type=\"widget\" data-widget_type=\"heading.default\">\n\t\t\t\t<div class=\"elementor-widget-container\">\n\t\t\t\t\t<h2 class=\"elementor-heading-title elementor-size-default\">T\u00e9l\u00e9chargez d\u00e8s aujourd'hui l'application REAL AUTHENTICATION dans l'Apple App Store.<\/h2>\t\t\t\t<\/div>\n\t\t\t\t<\/div>\n\t\t\t\t<div class=\"elementor-element elementor-element-415c32a0 elementor-widget__width-initial elementor-widget elementor-widget-text-editor\" data-id=\"415c32a0\" data-element_type=\"widget\" data-e-type=\"widget\" data-widget_type=\"text-editor.default\">\n\t\t\t\t<div class=\"elementor-widget-container\">\n\t\t\t\t\t\t\t\t\t<p>Nous offrons des services d'authentification rapides et faciles pour les sacs \u00e0 main, les chaussures, les v\u00eatements, les bijoux, les montres et les accessoires de luxe avant et apr\u00e8s l'achat.<\/p>\t\t\t\t\t\t\t\t<\/div>\n\t\t\t\t<\/div>\n\t\t\t\t<section data-particle_enable=\"false\" data-particle-mobile-disabled=\"false\" class=\"elementor-section elementor-inner-section elementor-element elementor-element-24ffb16 elementor-section-boxed elementor-section-height-default elementor-section-height-default qodef-elementor-content-no qodef-elementor-stretch-row-no qodef-elementor-overlay-no\" data-id=\"24ffb16\" data-element_type=\"section\" data-e-type=\"section\">\n\t\t\t\t\t\t<div class=\"elementor-container elementor-column-gap-default\">\n\t\t\t\t\t<div class=\"elementor-column elementor-col-50 elementor-inner-column elementor-element elementor-element-647dc24\" data-id=\"647dc24\" data-element_type=\"column\" data-e-type=\"column\">\n\t\t\t<div class=\"elementor-widget-wrap elementor-element-populated\">\n\t\t\t\t\t\t<div class=\"elementor-element elementor-element-8cab64a elementor-widget elementor-widget-button\" data-id=\"8cab64a\" data-element_type=\"widget\" data-e-type=\"widget\" data-widget_type=\"button.default\">\n\t\t\t\t<div class=\"elementor-widget-container\">\n\t\t\t\t\t\t\t\t\t<div class=\"elementor-button-wrapper\">\n\t\t\t\t\t<a class=\"elementor-button elementor-button-link elementor-size-lg\" href=\"https:\/\/apps.apple.com\/us\/app\/real-authentication\/id1170927767\" target=\"_blank\">\n\t\t\t\t\t\t<span class=\"elementor-button-content-wrapper\">\n\t\t\t\t\t\t\t\t\t<span class=\"elementor-button-text\">T\u00c9L\u00c9CHARGER NOTRE APPLICATION<\/span>\n\t\t\t\t\t<\/span>\n\t\t\t\t\t<\/a>\n\t\t\t\t<\/div>\n\t\t\t\t\t\t\t\t<\/div>\n\t\t\t\t<\/div>\n\t\t\t\t\t<\/div>\n\t\t<\/div>\n\t\t\t\t<div class=\"elementor-column elementor-col-50 elementor-inner-column elementor-element elementor-element-f6cd6b1\" data-id=\"f6cd6b1\" data-element_type=\"column\" data-e-type=\"column\">\n\t\t\t<div class=\"elementor-widget-wrap elementor-element-populated\">\n\t\t\t\t\t\t<div class=\"elementor-element elementor-element-a35236e elementor-widget elementor-widget-image\" data-id=\"a35236e\" data-element_type=\"widget\" data-e-type=\"widget\" data-widget_type=\"image.default\">\n\t\t\t\t<div class=\"elementor-widget-container\">\n\t\t\t\t\t\t\t\t\t\t\t\t\t\t\t\t<a href=\"https:\/\/apps.apple.com\/us\/app\/real-authentication\/id1170927767\" target=\"_blank\">\n\t\t\t\t\t\t\t<img decoding=\"async\" src=\"https:\/\/realauthentication.com\/wp-content\/uploads\/elementor\/thumbs\/ra-about-download-app-qus6eq2ngebxxb1573qwecz56lwes4jd812gi0pjii.png\" title=\"Application d&#039;authentification r\u00e9elle\" alt=\"Application d&#039;authentification r\u00e9elle\" loading=\"lazy\" \/>\t\t\t\t\t\t\t\t<\/a>\n\t\t\t\t\t\t\t\t\t\t\t\t\t\t\t<\/div>\n\t\t\t\t<\/div>\n\t\t\t\t\t<\/div>\n\t\t<\/div>\n\t\t\t\t\t<\/div>\n\t\t<\/section>\n\t\t\t\t\t<\/div>\n\t\t<\/div>\n\t\t\t\t\t<\/div>\n\t\t<\/section>\n\t\t\t\t<\/div>","protected":false},"excerpt":{"rendered":"<p>Carolina Herrera Real Authentication is the leading online authentication service for luxury goods, offering a reliable and efficient service for authenticating Carolina Herrera products. Our authentication experts conduct a thorough analysis of each product to determine its authenticity, and our secure platform ensures the confidentiality of your information. Get started on your Carolina Herrera authenticity [&hellip;]<\/p>\n","protected":false},"author":7,"featured_media":0,"parent":0,"menu_order":0,"comment_status":"closed","ping_status":"closed","template":"page-full-width.php","meta":{"_acf_changed":false,"footnotes":""},"class_list":["post-7675","page","type-page","status-publish","hentry"],"acf":[],"yoast_head":"<!-- This site is optimized with the Yoast SEO plugin v27.4 - https:\/\/yoast.com\/product\/yoast-seo-wordpress\/ -->\n<title>Carolina Herrera Authentication | Real Authentication<\/title>\n<meta name=\"description\" content=\"The leading online authentication service for luxury goods, providing trusted services for authenticating Carolina Herrera products.\" \/>\n<meta name=\"robots\" content=\"index, follow, max-snippet:-1, max-image-preview:large, max-video-preview:-1\" \/>\n<link rel=\"canonical\" href=\"https:\/\/realauthentication.com\/fr\/we-authenticate-carolina-herrera\/\" \/>\n<meta property=\"og:locale\" content=\"fr_FR\" \/>\n<meta property=\"og:type\" content=\"article\" \/>\n<meta property=\"og:title\" content=\"Carolina Herrera Authentication | Real Authentication\" \/>\n<meta property=\"og:description\" content=\"The leading online authentication service for luxury goods, providing trusted services for authenticating Carolina Herrera products.\" \/>\n<meta property=\"og:url\" content=\"https:\/\/realauthentication.com\/fr\/we-authenticate-carolina-herrera\/\" \/>\n<meta property=\"og:site_name\" content=\"REAL AUTHENTICATION\" \/>\n<meta property=\"article:modified_time\" content=\"2025-06-23T18:04:22+00:00\" \/>\n<meta property=\"og:image\" content=\"https:\/\/realauthentication.com\/wp-content\/uploads\/elementor\/thumbs\/ra-about-download-b-qus6er0ibsjr9uti4q3kuu3xeac07mmxd78qlqy6za.png\" \/>\n<meta name=\"twitter:card\" content=\"summary_large_image\" \/>\n<meta name=\"twitter:label1\" content=\"Est. reading time\" \/>\n\t<meta name=\"twitter:data1\" content=\"3 minutes\" \/>\n<script type=\"application\/ld+json\" class=\"yoast-schema-graph\">{\"@context\":\"https:\\\/\\\/schema.org\",\"@graph\":[{\"@type\":\"WebPage\",\"@id\":\"https:\\\/\\\/realauthentication.com\\\/we-authenticate-carolina-herrera\\\/\",\"url\":\"https:\\\/\\\/realauthentication.com\\\/we-authenticate-carolina-herrera\\\/\",\"name\":\"Carolina Herrera Authentication | Real Authentication\",\"isPartOf\":{\"@id\":\"https:\\\/\\\/realauthentication.com\\\/#website\"},\"primaryImageOfPage\":{\"@id\":\"https:\\\/\\\/realauthentication.com\\\/we-authenticate-carolina-herrera\\\/#primaryimage\"},\"image\":{\"@id\":\"https:\\\/\\\/realauthentication.com\\\/we-authenticate-carolina-herrera\\\/#primaryimage\"},\"thumbnailUrl\":\"https:\\\/\\\/realauthentication.com\\\/wp-content\\\/uploads\\\/elementor\\\/thumbs\\\/ra-about-download-b-qus6er0ibsjr9uti4q3kuu3xeac07mmxd78qlqy6za.png\",\"datePublished\":\"2023-05-02T17:58:26+00:00\",\"dateModified\":\"2025-06-23T18:04:22+00:00\",\"description\":\"The leading online authentication service for luxury goods, providing trusted services for authenticating Carolina Herrera products.\",\"breadcrumb\":{\"@id\":\"https:\\\/\\\/realauthentication.com\\\/we-authenticate-carolina-herrera\\\/#breadcrumb\"},\"inLanguage\":\"fr-FR\",\"potentialAction\":[{\"@type\":\"ReadAction\",\"target\":[\"https:\\\/\\\/realauthentication.com\\\/we-authenticate-carolina-herrera\\\/\"]}]},{\"@type\":\"ImageObject\",\"inLanguage\":\"fr-FR\",\"@id\":\"https:\\\/\\\/realauthentication.com\\\/we-authenticate-carolina-herrera\\\/#primaryimage\",\"url\":\"https:\\\/\\\/realauthentication.com\\\/wp-content\\\/uploads\\\/elementor\\\/thumbs\\\/ra-about-download-b-qus6er0ibsjr9uti4q3kuu3xeac07mmxd78qlqy6za.png\",\"contentUrl\":\"https:\\\/\\\/realauthentication.com\\\/wp-content\\\/uploads\\\/elementor\\\/thumbs\\\/ra-about-download-b-qus6er0ibsjr9uti4q3kuu3xeac07mmxd78qlqy6za.png\"},{\"@type\":\"BreadcrumbList\",\"@id\":\"https:\\\/\\\/realauthentication.com\\\/we-authenticate-carolina-herrera\\\/#breadcrumb\",\"itemListElement\":[{\"@type\":\"ListItem\",\"position\":1,\"name\":\"Home\",\"item\":\"https:\\\/\\\/realauthentication.com\\\/\"},{\"@type\":\"ListItem\",\"position\":2,\"name\":\"We Authenticate Carolina Herrera\"}]},{\"@type\":\"WebSite\",\"@id\":\"https:\\\/\\\/realauthentication.com\\\/#website\",\"url\":\"https:\\\/\\\/realauthentication.com\\\/\",\"name\":\"REAL AUTHENTICATION\",\"description\":\"Luxury Designer Authentication Services\",\"potentialAction\":[{\"@type\":\"SearchAction\",\"target\":{\"@type\":\"EntryPoint\",\"urlTemplate\":\"https:\\\/\\\/realauthentication.com\\\/?s={search_term_string}\"},\"query-input\":{\"@type\":\"PropertyValueSpecification\",\"valueRequired\":true,\"valueName\":\"search_term_string\"}}],\"inLanguage\":\"fr-FR\"}]}<\/script>\n<!-- \/ Yoast SEO plugin. -->","yoast_head_json":{"title":"Carolina Herrera Authentication | Real Authentication","description":"The leading online authentication service for luxury goods, providing trusted services for authenticating Carolina Herrera products.","robots":{"index":"index","follow":"follow","max-snippet":"max-snippet:-1","max-image-preview":"max-image-preview:large","max-video-preview":"max-video-preview:-1"},"canonical":"https:\/\/realauthentication.com\/fr\/we-authenticate-carolina-herrera\/","og_locale":"fr_FR","og_type":"article","og_title":"Carolina Herrera Authentication | Real Authentication","og_description":"The leading online authentication service for luxury goods, providing trusted services for authenticating Carolina Herrera products.","og_url":"https:\/\/realauthentication.com\/fr\/we-authenticate-carolina-herrera\/","og_site_name":"REAL AUTHENTICATION","article_modified_time":"2025-06-23T18:04:22+00:00","og_image":[{"url":"https:\/\/realauthentication.com\/wp-content\/uploads\/elementor\/thumbs\/ra-about-download-b-qus6er0ibsjr9uti4q3kuu3xeac07mmxd78qlqy6za.png","type":"","width":"","height":""}],"twitter_card":"summary_large_image","twitter_misc":{"Est. reading time":"3 minutes"},"schema":{"@context":"https:\/\/schema.org","@graph":[{"@type":"WebPage","@id":"https:\/\/realauthentication.com\/we-authenticate-carolina-herrera\/","url":"https:\/\/realauthentication.com\/we-authenticate-carolina-herrera\/","name":"Carolina Herrera Authentication | Real Authentication","isPartOf":{"@id":"https:\/\/realauthentication.com\/#website"},"primaryImageOfPage":{"@id":"https:\/\/realauthentication.com\/we-authenticate-carolina-herrera\/#primaryimage"},"image":{"@id":"https:\/\/realauthentication.com\/we-authenticate-carolina-herrera\/#primaryimage"},"thumbnailUrl":"https:\/\/realauthentication.com\/wp-content\/uploads\/elementor\/thumbs\/ra-about-download-b-qus6er0ibsjr9uti4q3kuu3xeac07mmxd78qlqy6za.png","datePublished":"2023-05-02T17:58:26+00:00","dateModified":"2025-06-23T18:04:22+00:00","description":"The leading online authentication service for luxury goods, providing trusted services for authenticating Carolina Herrera products.","breadcrumb":{"@id":"https:\/\/realauthentication.com\/we-authenticate-carolina-herrera\/#breadcrumb"},"inLanguage":"fr-FR","potentialAction":[{"@type":"ReadAction","target":["https:\/\/realauthentication.com\/we-authenticate-carolina-herrera\/"]}]},{"@type":"ImageObject","inLanguage":"fr-FR","@id":"https:\/\/realauthentication.com\/we-authenticate-carolina-herrera\/#primaryimage","url":"https:\/\/realauthentication.com\/wp-content\/uploads\/elementor\/thumbs\/ra-about-download-b-qus6er0ibsjr9uti4q3kuu3xeac07mmxd78qlqy6za.png","contentUrl":"https:\/\/realauthentication.com\/wp-content\/uploads\/elementor\/thumbs\/ra-about-download-b-qus6er0ibsjr9uti4q3kuu3xeac07mmxd78qlqy6za.png"},{"@type":"BreadcrumbList","@id":"https:\/\/realauthentication.com\/we-authenticate-carolina-herrera\/#breadcrumb","itemListElement":[{"@type":"ListItem","position":1,"name":"Home","item":"https:\/\/realauthentication.com\/"},{"@type":"ListItem","position":2,"name":"We Authenticate Carolina Herrera"}]},{"@type":"WebSite","@id":"https:\/\/realauthentication.com\/#website","url":"https:\/\/realauthentication.com\/","name":"AUTHENTIFICATION R\u00c9ELLE","description":"Services d'authentification des cr\u00e9ateurs de luxe","potentialAction":[{"@type":"SearchAction","target":{"@type":"EntryPoint","urlTemplate":"https:\/\/realauthentication.com\/?s={search_term_string}"},"query-input":{"@type":"PropertyValueSpecification","valueRequired":true,"valueName":"search_term_string"}}],"inLanguage":"fr-FR"}]}},"featured_image_src":null,"featured_image_src_square":null,"_links":{"self":[{"href":"https:\/\/realauthentication.com\/fr\/wp-json\/wp\/v2\/pages\/7675","targetHints":{"allow":["GET"]}}],"collection":[{"href":"https:\/\/realauthentication.com\/fr\/wp-json\/wp\/v2\/pages"}],"about":[{"href":"https:\/\/realauthentication.com\/fr\/wp-json\/wp\/v2\/types\/page"}],"author":[{"embeddable":true,"href":"https:\/\/realauthentication.com\/fr\/wp-json\/wp\/v2\/users\/7"}],"replies":[{"embeddable":true,"href":"https:\/\/realauthentication.com\/fr\/wp-json\/wp\/v2\/comments?post=7675"}],"version-history":[{"count":0,"href":"https:\/\/realauthentication.com\/fr\/wp-json\/wp\/v2\/pages\/7675\/revisions"}],"wp:attachment":[{"href":"https:\/\/realauthentication.com\/fr\/wp-json\/wp\/v2\/media?parent=7675"}],"curies":[{"name":"wp","href":"https:\/\/api.w.org\/{rel}","templated":true}]}}