
{"id":7557,"date":"2023-04-26T21:32:49","date_gmt":"2023-04-26T21:32:49","guid":{"rendered":"https:\/\/realauthentication.com\/?page_id=7557"},"modified":"2025-11-13T21:24:48","modified_gmt":"2025-11-13T21:24:48","slug":"we-authenticate-the-row","status":"publish","type":"page","link":"https:\/\/realauthentication.com\/fr\/we-authenticate-the-row\/","title":{"rendered":"We Authenticate The Row"},"content":{"rendered":"<div data-elementor-type=\"wp-page\" data-elementor-id=\"7557\" class=\"elementor elementor-7557\" data-elementor-post-type=\"page\">\n\t\t\t\t\t\t<section data-particle_enable=\"false\" data-particle-mobile-disabled=\"false\" class=\"elementor-section elementor-top-section elementor-element elementor-element-096c893 qodef-elementor-content-grid elementor-section-boxed elementor-section-height-default elementor-section-height-default qodef-elementor-stretch-row-no qodef-elementor-overlay-no\" data-id=\"096c893\" data-element_type=\"section\" data-e-type=\"section\">\n\t\t\t\t\t\t<div class=\"elementor-container elementor-column-gap-default\">\n\t\t\t\t\t<div class=\"elementor-column elementor-col-100 elementor-top-column elementor-element elementor-element-0f963ec\" data-id=\"0f963ec\" data-element_type=\"column\" data-e-type=\"column\">\n\t\t\t<div class=\"elementor-widget-wrap elementor-element-populated\">\n\t\t\t\t\t\t<div class=\"elementor-element elementor-element-56ab895 elementor-widget elementor-widget-spacer\" data-id=\"56ab895\" data-element_type=\"widget\" data-e-type=\"widget\" data-widget_type=\"spacer.default\">\n\t\t\t\t<div class=\"elementor-widget-container\">\n\t\t\t\t\t\t\t<div class=\"elementor-spacer\">\n\t\t\t<div class=\"elementor-spacer-inner\"><\/div>\n\t\t<\/div>\n\t\t\t\t\t\t<\/div>\n\t\t\t\t<\/div>\n\t\t\t\t\t<\/div>\n\t\t<\/div>\n\t\t\t\t\t<\/div>\n\t\t<\/section>\n\t\t\t\t<section data-particle_enable=\"false\" data-particle-mobile-disabled=\"false\" class=\"elementor-section elementor-top-section elementor-element elementor-element-f65f917 qodef-elementor-content-grid elementor-section-boxed elementor-section-height-default elementor-section-height-default qodef-elementor-stretch-row-no qodef-elementor-overlay-no\" data-id=\"f65f917\" data-element_type=\"section\" data-e-type=\"section\">\n\t\t\t\t\t\t<div class=\"elementor-container elementor-column-gap-default\">\n\t\t\t\t\t<div class=\"elementor-column elementor-col-50 elementor-top-column elementor-element elementor-element-b6803e8\" data-id=\"b6803e8\" data-element_type=\"column\" data-e-type=\"column\">\n\t\t\t<div class=\"elementor-widget-wrap elementor-element-populated\">\n\t\t\t\t\t\t<div class=\"elementor-element elementor-element-79d672f elementor-widget__width-initial elementor-widget elementor-widget-zermatt_core_section_title\" data-id=\"79d672f\" data-element_type=\"widget\" data-e-type=\"widget\" data-widget_type=\"zermatt_core_section_title.default\">\n\t\t\t\t<div class=\"elementor-widget-container\">\n\t\t\t\t\t<div class=\"qodef-shortcode qodef-m  qodef-section-title qodef-alignment--left\">\n\t\t\t<h1 class=\"qodef-m-title\" >\n\t\t\t\t\tThe Row\t\t\t<\/h1>\n\t\t<\/div>\t\t\t\t<\/div>\n\t\t\t\t<\/div>\n\t\t\t\t<div class=\"elementor-element elementor-element-193cee7 elementor-widget elementor-widget-text-editor\" data-id=\"193cee7\" data-element_type=\"widget\" data-e-type=\"widget\" data-widget_type=\"text-editor.default\">\n\t\t\t\t<div class=\"elementor-widget-container\">\n\t\t\t\t\t\t\t\t\t<p style=\"font-weight: 400;\">Real Authentication is the leading <a href=\"https:\/\/realauthentication.com\/fr\/services\/\">online authentication service<\/a> for luxury goods, providing trusted and efficient authentication services for authenticating The Row products.<\/p><p style=\"font-weight: 400;\"><strong>About The Row<\/strong><\/p><p style=\"font-weight: 400;\">The Row is a luxury fashion brand founded by the Olsen twins, Mary-Kate and Ashley, in 2006. Known for their minimalist and sophisticated approach, The Row produces high-end clothing, handbags, footwear, and accessories. Each piece is crafted with the utmost attention to detail, using only the finest materials, making it a work of art.<\/p>\t\t\t\t\t\t\t\t<\/div>\n\t\t\t\t<\/div>\n\t\t\t\t<div class=\"elementor-element elementor-element-eaf110c elementor-widget__width-initial elementor-widget elementor-widget-zermatt_core_section_title\" data-id=\"eaf110c\" data-element_type=\"widget\" data-e-type=\"widget\" data-widget_type=\"zermatt_core_section_title.default\">\n\t\t\t\t<div class=\"elementor-widget-container\">\n\t\t\t\t\t<div class=\"qodef-shortcode qodef-m  qodef-section-title qodef-alignment--left\">\n\t\t\t<h2 class=\"qodef-m-title\" >\n\t\t\t\t\tWhat Makes The Row Luxury Goods So Desirable?\t\t\t<\/h2>\n\t\t<\/div>\t\t\t\t<\/div>\n\t\t\t\t<\/div>\n\t\t\t\t<div class=\"elementor-element elementor-element-82bcf12 elementor-widget elementor-widget-text-editor\" data-id=\"82bcf12\" data-element_type=\"widget\" data-e-type=\"widget\" data-widget_type=\"text-editor.default\">\n\t\t\t\t<div class=\"elementor-widget-container\">\n\t\t\t\t\t\t\t\t\t<p style=\"font-weight: 400;\">The Row is highly desirable luxury goods due to its exceptional quality, timeless designs, and unique features. Each piece is crafted with exceptional attention to detail, using only the finest materials, making it a work of art. The brand&#8217;s minimalist approach offers a refined elegance that is both timeless and modern. The Row&#8217;s luxury goods have become a staple in the fashion industry and are highly sought after by fashion enthusiasts worldwide.<\/p>\t\t\t\t\t\t\t\t<\/div>\n\t\t\t\t<\/div>\n\t\t\t\t<div class=\"elementor-element elementor-element-9dfe6e7 elementor-widget elementor-widget-spacer\" data-id=\"9dfe6e7\" data-element_type=\"widget\" data-e-type=\"widget\" data-widget_type=\"spacer.default\">\n\t\t\t\t<div class=\"elementor-widget-container\">\n\t\t\t\t\t\t\t<div class=\"elementor-spacer\">\n\t\t\t<div class=\"elementor-spacer-inner\"><\/div>\n\t\t<\/div>\n\t\t\t\t\t\t<\/div>\n\t\t\t\t<\/div>\n\t\t\t\t\t<\/div>\n\t\t<\/div>\n\t\t\t\t<div class=\"elementor-column elementor-col-50 elementor-top-column elementor-element elementor-element-427104b\" data-id=\"427104b\" data-element_type=\"column\" data-e-type=\"column\">\n\t\t\t<div class=\"elementor-widget-wrap elementor-element-populated\">\n\t\t\t\t\t\t<div class=\"elementor-element elementor-element-d529c33 elementor-widget elementor-widget-image-carousel\" data-id=\"d529c33\" data-element_type=\"widget\" data-e-type=\"widget\" data-settings=\"{&quot;slides_to_show&quot;:&quot;1&quot;,&quot;navigation&quot;:&quot;none&quot;,&quot;effect&quot;:&quot;fade&quot;,&quot;autoplay&quot;:&quot;yes&quot;,&quot;pause_on_hover&quot;:&quot;yes&quot;,&quot;pause_on_interaction&quot;:&quot;yes&quot;,&quot;autoplay_speed&quot;:5000,&quot;infinite&quot;:&quot;yes&quot;,&quot;speed&quot;:500}\" data-widget_type=\"image-carousel.default\">\n\t\t\t\t<div class=\"elementor-widget-container\">\n\t\t\t\t\t\t\t<div class=\"elementor-image-carousel-wrapper swiper\" role=\"region\" aria-roledescription=\"carousel\" aria-label=\"Image Carousel\" dir=\"ltr\">\n\t\t\t<div class=\"elementor-image-carousel swiper-wrapper\" aria-live=\"off\">\n\t\t\t\t\t\t\t\t<div class=\"swiper-slide\" role=\"group\" aria-roledescription=\"slide\" aria-label=\"1 of 2\" data-no-translation-aria-label=\"\"><figure class=\"swiper-slide-inner\"><img decoding=\"async\" class=\"swiper-slide-image\" src=\"https:\/\/realauthentication.com\/wp-content\/uploads\/elementor\/thumbs\/The-Row-Bag-renwip1ov9cyokgn6rh8c7icndg4x7990b8bcu8b28.jpg\" alt=\"The Row Bag Authentication\" \/><\/figure><\/div><div class=\"swiper-slide\" role=\"group\" aria-roledescription=\"slide\" aria-label=\"2 of 2\" data-no-translation-aria-label=\"\"><figure class=\"swiper-slide-inner\"><img decoding=\"async\" class=\"swiper-slide-image\" src=\"https:\/\/realauthentication.com\/wp-content\/uploads\/elementor\/thumbs\/The-Row-Shoes-renwin60hlae1cjdhqnz77zfglpeht1sc1xceab3eo.jpg\" alt=\"The Row Shoes\" \/><\/figure><\/div>\t\t\t<\/div>\n\t\t\t\t\t\t\t\n\t\t\t\t\t\t\t\t\t<\/div>\n\t\t\t\t\t\t<\/div>\n\t\t\t\t<\/div>\n\t\t\t\t\t<\/div>\n\t\t<\/div>\n\t\t\t\t\t<\/div>\n\t\t<\/section>\n\t\t\t\t<section data-particle_enable=\"false\" data-particle-mobile-disabled=\"false\" class=\"elementor-section elementor-top-section elementor-element elementor-element-1fa13c3a qodef-elementor-content-grid elementor-section-boxed elementor-section-height-default elementor-section-height-default qodef-elementor-stretch-row-no qodef-elementor-overlay-no\" data-id=\"1fa13c3a\" data-element_type=\"section\" data-e-type=\"section\" data-settings=\"{&quot;background_background&quot;:&quot;classic&quot;}\">\n\t\t\t\t\t\t<div class=\"elementor-container elementor-column-gap-default\">\n\t\t\t\t\t<div class=\"elementor-column elementor-col-50 elementor-top-column elementor-element elementor-element-6d47893e\" data-id=\"6d47893e\" data-element_type=\"column\" data-e-type=\"column\">\n\t\t\t<div class=\"elementor-widget-wrap elementor-element-populated\">\n\t\t\t\t\t\t<div class=\"elementor-element elementor-element-0c82086 elementor-widget elementor-widget-heading\" data-id=\"0c82086\" data-element_type=\"widget\" data-e-type=\"widget\" data-widget_type=\"heading.default\">\n\t\t\t\t<div class=\"elementor-widget-container\">\n\t\t\t\t\t<h2 class=\"elementor-heading-title elementor-size-default\">Authenticate The Row with Real Authentication<\/h2>\t\t\t\t<\/div>\n\t\t\t\t<\/div>\n\t\t\t\t<div class=\"elementor-element elementor-element-ce5f2db elementor-widget elementor-widget-text-editor\" data-id=\"ce5f2db\" data-element_type=\"widget\" data-e-type=\"widget\" data-widget_type=\"text-editor.default\">\n\t\t\t\t<div class=\"elementor-widget-container\">\n\t\t\t\t\t\t\t\t\t<p style=\"font-weight: 400;\">Real Authentication is the leading online authentication service for luxury goods, providing trusted and efficient authentication services for authenticating The Row. Our authentication experts use state-of-the-art technology Intelascan\u2122 to determine authenticity, providing a reliable and efficient service. Our online authentication for designer goods is guaranteed to provide you with a reliable and efficient service. Once your order is complete, you will receive email notifications with our determination of &#8216;Authentic&#8217; or &#8216;Counterfeit.&#8217;<\/p>\t\t\t\t\t\t\t\t<\/div>\n\t\t\t\t<\/div>\n\t\t\t\t\t<\/div>\n\t\t<\/div>\n\t\t\t\t<div class=\"elementor-column elementor-col-50 elementor-top-column elementor-element elementor-element-2516602\" data-id=\"2516602\" data-element_type=\"column\" data-e-type=\"column\">\n\t\t\t<div class=\"elementor-widget-wrap elementor-element-populated\">\n\t\t\t\t\t\t<div class=\"elementor-element elementor-element-8e6a8c8 elementor-widget elementor-widget-heading\" data-id=\"8e6a8c8\" data-element_type=\"widget\" data-e-type=\"widget\" data-widget_type=\"heading.default\">\n\t\t\t\t<div class=\"elementor-widget-container\">\n\t\t\t\t\t<h2 class=\"elementor-heading-title elementor-size-default\">Trust Real Authentication for You\u2019re the Row Luxury Goods<\/h2>\t\t\t\t<\/div>\n\t\t\t\t<\/div>\n\t\t\t\t<div class=\"elementor-element elementor-element-554e30f elementor-widget elementor-widget-text-editor\" data-id=\"554e30f\" data-element_type=\"widget\" data-e-type=\"widget\" data-widget_type=\"text-editor.default\">\n\t\t\t\t<div class=\"elementor-widget-container\">\n\t\t\t\t\t\t\t\t\t<p style=\"font-weight: 400;\">Real Authentication is the most trusted and reliable online authentication service for luxury goods, providing efficient authentication services for The Row and other luxury brands. Our authentication experts use the latest technology and techniques to provide a guaranteed luxury goods authentication service, all conducted on our secure platform. Trust Real Authentication for your online luxury goods authentication needs and experience the peace of mind that comes with our trusted authentication experts. Authenticate your authentic luxury goods online with us today.<\/p>\t\t\t\t\t\t\t\t<\/div>\n\t\t\t\t<\/div>\n\t\t\t\t\t<\/div>\n\t\t<\/div>\n\t\t\t\t\t<\/div>\n\t\t<\/section>\n\t\t\t\t<section data-particle_enable=\"false\" data-particle-mobile-disabled=\"false\" class=\"elementor-section elementor-top-section elementor-element elementor-element-2070dac qodef-elementor-content-grid elementor-section-boxed elementor-section-height-default elementor-section-height-default qodef-elementor-stretch-row-no qodef-elementor-overlay-no\" data-id=\"2070dac\" data-element_type=\"section\" data-e-type=\"section\">\n\t\t\t\t\t\t<div class=\"elementor-container elementor-column-gap-default\">\n\t\t\t\t\t<div class=\"elementor-column elementor-col-50 elementor-top-column elementor-element elementor-element-b6c3a16\" data-id=\"b6c3a16\" data-element_type=\"column\" data-e-type=\"column\">\n\t\t\t<div class=\"elementor-widget-wrap elementor-element-populated\">\n\t\t\t\t\t\t<div class=\"elementor-element elementor-element-4cc4d92 elementor-widget elementor-widget-image\" data-id=\"4cc4d92\" data-element_type=\"widget\" data-e-type=\"widget\" data-widget_type=\"image.default\">\n\t\t\t\t<div class=\"elementor-widget-container\">\n\t\t\t\t\t\t\t\t\t\t\t\t\t\t\t\t<a href=\"https:\/\/apps.apple.com\/us\/app\/real-authentication\/id1170927767\" target=\"_blank\">\n\t\t\t\t\t\t\t<img decoding=\"async\" src=\"https:\/\/realauthentication.com\/wp-content\/uploads\/elementor\/thumbs\/ra-about-download-b-qus6er0ibsjr9uti4q3kuu3xeac07mmxd78qlqy6za.png\" title=\"Application d&#039;authentification r\u00e9elle\" alt=\"Louis Vuitton and Real Authentication logo on mobile cut out for Real Authentication App section\" loading=\"lazy\" \/>\t\t\t\t\t\t\t\t<\/a>\n\t\t\t\t\t\t\t\t\t\t\t\t\t\t\t<\/div>\n\t\t\t\t<\/div>\n\t\t\t\t\t<\/div>\n\t\t<\/div>\n\t\t\t\t<div class=\"elementor-column elementor-col-50 elementor-top-column elementor-element elementor-element-a81a563\" data-id=\"a81a563\" data-element_type=\"column\" data-e-type=\"column\">\n\t\t\t<div class=\"elementor-widget-wrap elementor-element-populated\">\n\t\t\t\t\t\t<div class=\"elementor-element elementor-element-461d265 elementor-widget elementor-widget-heading\" data-id=\"461d265\" data-element_type=\"widget\" data-e-type=\"widget\" data-widget_type=\"heading.default\">\n\t\t\t\t<div class=\"elementor-widget-container\">\n\t\t\t\t\t<h2 class=\"elementor-heading-title elementor-size-default\">T\u00e9l\u00e9chargez d\u00e8s aujourd'hui l'application REAL AUTHENTICATION dans l'Apple App Store.<\/h2>\t\t\t\t<\/div>\n\t\t\t\t<\/div>\n\t\t\t\t<div class=\"elementor-element elementor-element-415c32a0 elementor-widget__width-initial elementor-widget elementor-widget-text-editor\" data-id=\"415c32a0\" data-element_type=\"widget\" data-e-type=\"widget\" data-widget_type=\"text-editor.default\">\n\t\t\t\t<div class=\"elementor-widget-container\">\n\t\t\t\t\t\t\t\t\t<p>Nous offrons des services d'authentification rapides et faciles pour les sacs \u00e0 main, les chaussures, les v\u00eatements, les bijoux, les montres et les accessoires de luxe avant et apr\u00e8s l'achat.<\/p>\t\t\t\t\t\t\t\t<\/div>\n\t\t\t\t<\/div>\n\t\t\t\t<section data-particle_enable=\"false\" data-particle-mobile-disabled=\"false\" class=\"elementor-section elementor-inner-section elementor-element elementor-element-24ffb16 elementor-section-boxed elementor-section-height-default elementor-section-height-default qodef-elementor-content-no qodef-elementor-stretch-row-no qodef-elementor-overlay-no\" data-id=\"24ffb16\" data-element_type=\"section\" data-e-type=\"section\">\n\t\t\t\t\t\t<div class=\"elementor-container elementor-column-gap-default\">\n\t\t\t\t\t<div class=\"elementor-column elementor-col-50 elementor-inner-column elementor-element elementor-element-647dc24\" data-id=\"647dc24\" data-element_type=\"column\" data-e-type=\"column\">\n\t\t\t<div class=\"elementor-widget-wrap elementor-element-populated\">\n\t\t\t\t\t\t<div class=\"elementor-element elementor-element-8cab64a elementor-widget elementor-widget-button\" data-id=\"8cab64a\" data-element_type=\"widget\" data-e-type=\"widget\" data-widget_type=\"button.default\">\n\t\t\t\t<div class=\"elementor-widget-container\">\n\t\t\t\t\t\t\t\t\t<div class=\"elementor-button-wrapper\">\n\t\t\t\t\t<a class=\"elementor-button elementor-button-link elementor-size-lg\" href=\"https:\/\/apps.apple.com\/us\/app\/real-authentication\/id1170927767\" target=\"_blank\">\n\t\t\t\t\t\t<span class=\"elementor-button-content-wrapper\">\n\t\t\t\t\t\t\t\t\t<span class=\"elementor-button-text\">T\u00c9L\u00c9CHARGER NOTRE APPLICATION<\/span>\n\t\t\t\t\t<\/span>\n\t\t\t\t\t<\/a>\n\t\t\t\t<\/div>\n\t\t\t\t\t\t\t\t<\/div>\n\t\t\t\t<\/div>\n\t\t\t\t\t<\/div>\n\t\t<\/div>\n\t\t\t\t<div class=\"elementor-column elementor-col-50 elementor-inner-column elementor-element elementor-element-f6cd6b1\" data-id=\"f6cd6b1\" data-element_type=\"column\" data-e-type=\"column\">\n\t\t\t<div class=\"elementor-widget-wrap elementor-element-populated\">\n\t\t\t\t\t\t<div class=\"elementor-element elementor-element-a35236e elementor-widget elementor-widget-image\" data-id=\"a35236e\" data-element_type=\"widget\" data-e-type=\"widget\" data-widget_type=\"image.default\">\n\t\t\t\t<div class=\"elementor-widget-container\">\n\t\t\t\t\t\t\t\t\t\t\t\t\t\t\t\t<a href=\"https:\/\/apps.apple.com\/us\/app\/real-authentication\/id1170927767\" target=\"_blank\">\n\t\t\t\t\t\t\t<img decoding=\"async\" src=\"https:\/\/realauthentication.com\/wp-content\/uploads\/elementor\/thumbs\/ra-about-download-app-qus6eq2ngebxxb1573qwecz56lwes4jd812gi0pjii.png\" title=\"Application d&#039;authentification r\u00e9elle\" alt=\"Application d&#039;authentification r\u00e9elle\" loading=\"lazy\" \/>\t\t\t\t\t\t\t\t<\/a>\n\t\t\t\t\t\t\t\t\t\t\t\t\t\t\t<\/div>\n\t\t\t\t<\/div>\n\t\t\t\t\t<\/div>\n\t\t<\/div>\n\t\t\t\t\t<\/div>\n\t\t<\/section>\n\t\t\t\t\t<\/div>\n\t\t<\/div>\n\t\t\t\t\t<\/div>\n\t\t<\/section>\n\t\t\t\t<\/div>","protected":false},"excerpt":{"rendered":"<p>The Row Real Authentication is the leading online authentication service for luxury goods, providing trusted and efficient authentication services for authenticating The Row products. About The Row The Row is a luxury fashion brand founded by the Olsen twins, Mary-Kate and Ashley, in 2006. Known for their minimalist and sophisticated approach, The Row produces high-end [&hellip;]<\/p>\n","protected":false},"author":7,"featured_media":10005,"parent":0,"menu_order":0,"comment_status":"closed","ping_status":"closed","template":"page-full-width.php","meta":{"_acf_changed":false,"footnotes":""},"class_list":["post-7557","page","type-page","status-publish","has-post-thumbnail","hentry"],"acf":[],"yoast_head":"<!-- This site is optimized with the Yoast SEO plugin v27.4 - https:\/\/yoast.com\/product\/yoast-seo-wordpress\/ -->\n<title>We Authenticate The Row - REAL AUTHENTICATION<\/title>\n<meta name=\"description\" content=\"The leading online authentication service for luxury goods, providing trusted authentication services for The Row.\" \/>\n<meta name=\"robots\" content=\"index, follow, max-snippet:-1, max-image-preview:large, max-video-preview:-1\" \/>\n<link rel=\"canonical\" href=\"https:\/\/realauthentication.com\/fr\/we-authenticate-the-row\/\" \/>\n<meta property=\"og:locale\" content=\"fr_FR\" \/>\n<meta property=\"og:type\" content=\"article\" \/>\n<meta property=\"og:title\" content=\"We Authenticate The Row - REAL AUTHENTICATION\" \/>\n<meta property=\"og:description\" content=\"The leading online authentication service for luxury goods, providing trusted authentication services for The Row.\" \/>\n<meta property=\"og:url\" content=\"https:\/\/realauthentication.com\/fr\/we-authenticate-the-row\/\" \/>\n<meta property=\"og:site_name\" content=\"REAL AUTHENTICATION\" \/>\n<meta property=\"article:modified_time\" content=\"2025-11-13T21:24:48+00:00\" \/>\n<meta property=\"og:image\" content=\"https:\/\/realauthentication.com\/wp-content\/uploads\/2025\/11\/The-Row-Brand-Page-Thumbnail.jpg\" \/>\n\t<meta property=\"og:image:width\" content=\"1075\" \/>\n\t<meta property=\"og:image:height\" content=\"1075\" \/>\n\t<meta property=\"og:image:type\" content=\"image\/jpeg\" \/>\n<meta name=\"twitter:card\" content=\"summary_large_image\" \/>\n<meta name=\"twitter:label1\" content=\"Est. reading time\" \/>\n\t<meta name=\"twitter:data1\" content=\"3 minutes\" \/>\n<script type=\"application\/ld+json\" class=\"yoast-schema-graph\">{\"@context\":\"https:\\\/\\\/schema.org\",\"@graph\":[{\"@type\":\"WebPage\",\"@id\":\"https:\\\/\\\/realauthentication.com\\\/we-authenticate-the-row\\\/\",\"url\":\"https:\\\/\\\/realauthentication.com\\\/we-authenticate-the-row\\\/\",\"name\":\"We Authenticate The Row - REAL AUTHENTICATION\",\"isPartOf\":{\"@id\":\"https:\\\/\\\/realauthentication.com\\\/#website\"},\"primaryImageOfPage\":{\"@id\":\"https:\\\/\\\/realauthentication.com\\\/we-authenticate-the-row\\\/#primaryimage\"},\"image\":{\"@id\":\"https:\\\/\\\/realauthentication.com\\\/we-authenticate-the-row\\\/#primaryimage\"},\"thumbnailUrl\":\"https:\\\/\\\/realauthentication.com\\\/wp-content\\\/uploads\\\/2025\\\/11\\\/The-Row-Brand-Page-Thumbnail.jpg\",\"datePublished\":\"2023-04-26T21:32:49+00:00\",\"dateModified\":\"2025-11-13T21:24:48+00:00\",\"description\":\"The leading online authentication service for luxury goods, providing trusted authentication services for The Row.\",\"breadcrumb\":{\"@id\":\"https:\\\/\\\/realauthentication.com\\\/we-authenticate-the-row\\\/#breadcrumb\"},\"inLanguage\":\"fr-FR\",\"potentialAction\":[{\"@type\":\"ReadAction\",\"target\":[\"https:\\\/\\\/realauthentication.com\\\/we-authenticate-the-row\\\/\"]}]},{\"@type\":\"ImageObject\",\"inLanguage\":\"fr-FR\",\"@id\":\"https:\\\/\\\/realauthentication.com\\\/we-authenticate-the-row\\\/#primaryimage\",\"url\":\"https:\\\/\\\/realauthentication.com\\\/wp-content\\\/uploads\\\/2025\\\/11\\\/The-Row-Brand-Page-Thumbnail.jpg\",\"contentUrl\":\"https:\\\/\\\/realauthentication.com\\\/wp-content\\\/uploads\\\/2025\\\/11\\\/The-Row-Brand-Page-Thumbnail.jpg\",\"width\":1075,\"height\":1075,\"caption\":\"The Row Brand Page Thumbnail\"},{\"@type\":\"BreadcrumbList\",\"@id\":\"https:\\\/\\\/realauthentication.com\\\/we-authenticate-the-row\\\/#breadcrumb\",\"itemListElement\":[{\"@type\":\"ListItem\",\"position\":1,\"name\":\"Home\",\"item\":\"https:\\\/\\\/realauthentication.com\\\/\"},{\"@type\":\"ListItem\",\"position\":2,\"name\":\"We Authenticate The Row\"}]},{\"@type\":\"WebSite\",\"@id\":\"https:\\\/\\\/realauthentication.com\\\/#website\",\"url\":\"https:\\\/\\\/realauthentication.com\\\/\",\"name\":\"REAL AUTHENTICATION\",\"description\":\"Luxury Designer Authentication Services\",\"potentialAction\":[{\"@type\":\"SearchAction\",\"target\":{\"@type\":\"EntryPoint\",\"urlTemplate\":\"https:\\\/\\\/realauthentication.com\\\/?s={search_term_string}\"},\"query-input\":{\"@type\":\"PropertyValueSpecification\",\"valueRequired\":true,\"valueName\":\"search_term_string\"}}],\"inLanguage\":\"fr-FR\"}]}<\/script>\n<!-- \/ Yoast SEO plugin. -->","yoast_head_json":{"title":"We Authenticate The Row - REAL AUTHENTICATION","description":"The leading online authentication service for luxury goods, providing trusted authentication services for The Row.","robots":{"index":"index","follow":"follow","max-snippet":"max-snippet:-1","max-image-preview":"max-image-preview:large","max-video-preview":"max-video-preview:-1"},"canonical":"https:\/\/realauthentication.com\/fr\/we-authenticate-the-row\/","og_locale":"fr_FR","og_type":"article","og_title":"We Authenticate The Row - REAL AUTHENTICATION","og_description":"The leading online authentication service for luxury goods, providing trusted authentication services for The Row.","og_url":"https:\/\/realauthentication.com\/fr\/we-authenticate-the-row\/","og_site_name":"REAL AUTHENTICATION","article_modified_time":"2025-11-13T21:24:48+00:00","og_image":[{"width":1075,"height":1075,"url":"https:\/\/realauthentication.com\/wp-content\/uploads\/2025\/11\/The-Row-Brand-Page-Thumbnail.jpg","type":"image\/jpeg"}],"twitter_card":"summary_large_image","twitter_misc":{"Est. reading time":"3 minutes"},"schema":{"@context":"https:\/\/schema.org","@graph":[{"@type":"WebPage","@id":"https:\/\/realauthentication.com\/we-authenticate-the-row\/","url":"https:\/\/realauthentication.com\/we-authenticate-the-row\/","name":"We Authenticate The Row - REAL AUTHENTICATION","isPartOf":{"@id":"https:\/\/realauthentication.com\/#website"},"primaryImageOfPage":{"@id":"https:\/\/realauthentication.com\/we-authenticate-the-row\/#primaryimage"},"image":{"@id":"https:\/\/realauthentication.com\/we-authenticate-the-row\/#primaryimage"},"thumbnailUrl":"https:\/\/realauthentication.com\/wp-content\/uploads\/2025\/11\/The-Row-Brand-Page-Thumbnail.jpg","datePublished":"2023-04-26T21:32:49+00:00","dateModified":"2025-11-13T21:24:48+00:00","description":"The leading online authentication service for luxury goods, providing trusted authentication services for The Row.","breadcrumb":{"@id":"https:\/\/realauthentication.com\/we-authenticate-the-row\/#breadcrumb"},"inLanguage":"fr-FR","potentialAction":[{"@type":"ReadAction","target":["https:\/\/realauthentication.com\/we-authenticate-the-row\/"]}]},{"@type":"ImageObject","inLanguage":"fr-FR","@id":"https:\/\/realauthentication.com\/we-authenticate-the-row\/#primaryimage","url":"https:\/\/realauthentication.com\/wp-content\/uploads\/2025\/11\/The-Row-Brand-Page-Thumbnail.jpg","contentUrl":"https:\/\/realauthentication.com\/wp-content\/uploads\/2025\/11\/The-Row-Brand-Page-Thumbnail.jpg","width":1075,"height":1075,"caption":"The Row Brand Page Thumbnail"},{"@type":"BreadcrumbList","@id":"https:\/\/realauthentication.com\/we-authenticate-the-row\/#breadcrumb","itemListElement":[{"@type":"ListItem","position":1,"name":"Home","item":"https:\/\/realauthentication.com\/"},{"@type":"ListItem","position":2,"name":"We Authenticate The Row"}]},{"@type":"WebSite","@id":"https:\/\/realauthentication.com\/#website","url":"https:\/\/realauthentication.com\/","name":"AUTHENTIFICATION R\u00c9ELLE","description":"Services d'authentification des cr\u00e9ateurs de luxe","potentialAction":[{"@type":"SearchAction","target":{"@type":"EntryPoint","urlTemplate":"https:\/\/realauthentication.com\/?s={search_term_string}"},"query-input":{"@type":"PropertyValueSpecification","valueRequired":true,"valueName":"search_term_string"}}],"inLanguage":"fr-FR"}]}},"featured_image_src":"https:\/\/realauthentication.com\/wp-content\/uploads\/2025\/11\/The-Row-Brand-Page-Thumbnail-600x400.jpg","featured_image_src_square":"https:\/\/realauthentication.com\/wp-content\/uploads\/2025\/11\/The-Row-Brand-Page-Thumbnail-600x600.jpg","_links":{"self":[{"href":"https:\/\/realauthentication.com\/fr\/wp-json\/wp\/v2\/pages\/7557","targetHints":{"allow":["GET"]}}],"collection":[{"href":"https:\/\/realauthentication.com\/fr\/wp-json\/wp\/v2\/pages"}],"about":[{"href":"https:\/\/realauthentication.com\/fr\/wp-json\/wp\/v2\/types\/page"}],"author":[{"embeddable":true,"href":"https:\/\/realauthentication.com\/fr\/wp-json\/wp\/v2\/users\/7"}],"replies":[{"embeddable":true,"href":"https:\/\/realauthentication.com\/fr\/wp-json\/wp\/v2\/comments?post=7557"}],"version-history":[{"count":0,"href":"https:\/\/realauthentication.com\/fr\/wp-json\/wp\/v2\/pages\/7557\/revisions"}],"wp:featuredmedia":[{"embeddable":true,"href":"https:\/\/realauthentication.com\/fr\/wp-json\/wp\/v2\/media\/10005"}],"wp:attachment":[{"href":"https:\/\/realauthentication.com\/fr\/wp-json\/wp\/v2\/media?parent=7557"}],"curies":[{"name":"wp","href":"https:\/\/api.w.org\/{rel}","templated":true}]}}