
{"id":8746,"date":"2024-03-21T21:20:22","date_gmt":"2024-03-21T21:20:22","guid":{"rendered":"https:\/\/realauthentication.com\/?page_id=8746"},"modified":"2026-04-30T02:04:04","modified_gmt":"2026-04-30T02:04:04","slug":"we-authenticate-mm6-maison-margiela","status":"publish","type":"page","link":"https:\/\/realauthentication.com\/es\/we-authenticate-mm6-maison-margiela\/","title":{"rendered":"We Authenticate MM6 Maison Margiela"},"content":{"rendered":"<div data-elementor-type=\"wp-page\" data-elementor-id=\"8746\" class=\"elementor elementor-8746\" data-elementor-post-type=\"page\">\n\t\t\t\t\t\t<section data-particle_enable=\"false\" data-particle-mobile-disabled=\"false\" class=\"elementor-section elementor-top-section elementor-element elementor-element-096c893 qodef-elementor-content-grid elementor-section-boxed elementor-section-height-default elementor-section-height-default qodef-elementor-stretch-row-no qodef-elementor-overlay-no\" data-id=\"096c893\" data-element_type=\"section\" data-e-type=\"section\">\n\t\t\t\t\t\t<div class=\"elementor-container elementor-column-gap-default\">\n\t\t\t\t\t<div class=\"elementor-column elementor-col-100 elementor-top-column elementor-element elementor-element-0f963ec\" data-id=\"0f963ec\" data-element_type=\"column\" data-e-type=\"column\">\n\t\t\t<div class=\"elementor-widget-wrap elementor-element-populated\">\n\t\t\t\t\t\t<div class=\"elementor-element elementor-element-feba065 elementor-widget elementor-widget-spacer\" data-id=\"feba065\" data-element_type=\"widget\" data-e-type=\"widget\" data-widget_type=\"spacer.default\">\n\t\t\t\t<div class=\"elementor-widget-container\">\n\t\t\t\t\t\t\t<div class=\"elementor-spacer\">\n\t\t\t<div class=\"elementor-spacer-inner\"><\/div>\n\t\t<\/div>\n\t\t\t\t\t\t<\/div>\n\t\t\t\t<\/div>\n\t\t\t\t\t<\/div>\n\t\t<\/div>\n\t\t\t\t\t<\/div>\n\t\t<\/section>\n\t\t\t\t<section data-particle_enable=\"false\" data-particle-mobile-disabled=\"false\" class=\"elementor-section elementor-top-section elementor-element elementor-element-f65f917 qodef-elementor-content-grid elementor-section-boxed elementor-section-height-default elementor-section-height-default qodef-elementor-stretch-row-no qodef-elementor-overlay-no\" data-id=\"f65f917\" data-element_type=\"section\" data-e-type=\"section\">\n\t\t\t\t\t\t<div class=\"elementor-container elementor-column-gap-default\">\n\t\t\t\t\t<div class=\"elementor-column elementor-col-50 elementor-top-column elementor-element elementor-element-b6803e8\" data-id=\"b6803e8\" data-element_type=\"column\" data-e-type=\"column\">\n\t\t\t<div class=\"elementor-widget-wrap elementor-element-populated\">\n\t\t\t\t\t\t<div class=\"elementor-element elementor-element-79d672f elementor-widget__width-initial elementor-widget elementor-widget-zermatt_core_section_title\" data-id=\"79d672f\" data-element_type=\"widget\" data-e-type=\"widget\" data-widget_type=\"zermatt_core_section_title.default\">\n\t\t\t\t<div class=\"elementor-widget-container\">\n\t\t\t\t\t<div class=\"qodef-shortcode qodef-m  qodef-section-title qodef-alignment--left\">\n\t\t\t<h1 class=\"qodef-m-title\" >\n\t\t\t\t\tMM6 Maison Margiela\t\t\t<\/h1>\n\t\t<\/div>\t\t\t\t<\/div>\n\t\t\t\t<\/div>\n\t\t\t\t<div class=\"elementor-element elementor-element-82bcf12 elementor-widget elementor-widget-text-editor\" data-id=\"82bcf12\" data-element_type=\"widget\" data-e-type=\"widget\" data-widget_type=\"text-editor.default\">\n\t\t\t\t<div class=\"elementor-widget-container\">\n\t\t\t\t\t\t\t\t\t<p>Real Authentication is the leading <a href=\"https:\/\/realauthentication.com\/es\/\">online authentication service<\/a> for luxury goods, offering a reliable and efficient service for authenticating MM6 Maison Margiela products. Our authentication experts conduct a thorough analysis of each product to determine its authenticity, and our secure platform ensures the confidentiality of your information.<\/p><p><strong>About MM6 Maison Margiela<br \/><\/strong><\/p><p>Established in 1997, MM6 Maison Margiela consistently reinvents modern fashion with cleverness and nonconformity. Traditional sartorial norms are frequently challenged and defied. Unique fabric treatments are used to craft \u201cconceptual essentials,\u201d culminating in a distinctive All-Gender collection.<\/p>\t\t\t\t\t\t\t\t<\/div>\n\t\t\t\t<\/div>\n\t\t\t\t<div class=\"elementor-element elementor-element-c006181 elementor-widget__width-initial elementor-widget elementor-widget-zermatt_core_section_title\" data-id=\"c006181\" data-element_type=\"widget\" data-e-type=\"widget\" data-widget_type=\"zermatt_core_section_title.default\">\n\t\t\t\t<div class=\"elementor-widget-container\">\n\t\t\t\t\t<div class=\"qodef-shortcode qodef-m  qodef-section-title qodef-alignment--left\">\n\t\t\t<h2 class=\"qodef-m-title\" >\n\t\t\t\t\tWhy MM6 Maison Margiela Luxury Goods are So Desirable\t\t\t<\/h2>\n\t\t<\/div>\t\t\t\t<\/div>\n\t\t\t\t<\/div>\n\t\t\t\t<div class=\"elementor-element elementor-element-d4b89ff elementor-widget elementor-widget-text-editor\" data-id=\"d4b89ff\" data-element_type=\"widget\" data-e-type=\"widget\" data-widget_type=\"text-editor.default\">\n\t\t\t\t<div class=\"elementor-widget-container\">\n\t\t\t\t\t\t\t\t\t<p>MM6 Maison Margiela luxury goods are highly coveted by fashion lovers and collectors worldwide. MM6 Maison Margiela products are also renowned for being a part of the luxury brand Maison Margiela, a Parisian haute couture brand established on the principles of nonconformity and challenging traditional norms.<\/p><p>\u00a0<\/p>\t\t\t\t\t\t\t\t<\/div>\n\t\t\t\t<\/div>\n\t\t\t\t\t<\/div>\n\t\t<\/div>\n\t\t\t\t<div class=\"elementor-column elementor-col-50 elementor-top-column elementor-element elementor-element-427104b\" data-id=\"427104b\" data-element_type=\"column\" data-e-type=\"column\">\n\t\t\t<div class=\"elementor-widget-wrap elementor-element-populated\">\n\t\t\t\t\t\t\t<\/div>\n\t\t<\/div>\n\t\t\t\t\t<\/div>\n\t\t<\/section>\n\t\t\t\t<section data-particle_enable=\"false\" data-particle-mobile-disabled=\"false\" class=\"elementor-section elementor-top-section elementor-element elementor-element-1fa13c3a qodef-elementor-content-grid elementor-section-boxed elementor-section-height-default elementor-section-height-default qodef-elementor-stretch-row-no qodef-elementor-overlay-no\" data-id=\"1fa13c3a\" data-element_type=\"section\" data-e-type=\"section\" data-settings=\"{&quot;background_background&quot;:&quot;classic&quot;}\">\n\t\t\t\t\t\t<div class=\"elementor-container elementor-column-gap-default\">\n\t\t\t\t\t<div class=\"elementor-column elementor-col-50 elementor-top-column elementor-element elementor-element-6d47893e\" data-id=\"6d47893e\" data-element_type=\"column\" data-e-type=\"column\">\n\t\t\t<div class=\"elementor-widget-wrap elementor-element-populated\">\n\t\t\t\t\t\t<div class=\"elementor-element elementor-element-8045380 elementor-widget elementor-widget-text-editor\" data-id=\"8045380\" data-element_type=\"widget\" data-e-type=\"widget\" data-widget_type=\"text-editor.default\">\n\t\t\t\t<div class=\"elementor-widget-container\">\n\t\t\t\t\t\t\t\t\t<h3><span style=\"color: #ffffff;\">Authenticate MM6 Maison Margiela with Real Authentication<\/span><\/h3>\t\t\t\t\t\t\t\t<\/div>\n\t\t\t\t<\/div>\n\t\t\t\t<div class=\"elementor-element elementor-element-ce5f2db elementor-widget elementor-widget-text-editor\" data-id=\"ce5f2db\" data-element_type=\"widget\" data-e-type=\"widget\" data-widget_type=\"text-editor.default\">\n\t\t\t\t<div class=\"elementor-widget-container\">\n\t\t\t\t\t\t\t\t\t<p>If you&#8217;re looking to add a MM6 Maison Margiela product to your collection, it&#8217;s essential to ensure its authenticity. Real Authentication offers online authentication services for MM6 Maison Margiela and other luxury goods brands. Our team of expert authentication specialists is dedicated to ensuring that each product is 100% authentic, giving you the peace of mind that you deserve.<\/p>\t\t\t\t\t\t\t\t<\/div>\n\t\t\t\t<\/div>\n\t\t\t\t\t<\/div>\n\t\t<\/div>\n\t\t\t\t<div class=\"elementor-column elementor-col-50 elementor-top-column elementor-element elementor-element-2516602\" data-id=\"2516602\" data-element_type=\"column\" data-e-type=\"column\">\n\t\t\t<div class=\"elementor-widget-wrap elementor-element-populated\">\n\t\t\t\t\t\t<div class=\"elementor-element elementor-element-b11e06b elementor-widget elementor-widget-text-editor\" data-id=\"b11e06b\" data-element_type=\"widget\" data-e-type=\"widget\" data-widget_type=\"text-editor.default\">\n\t\t\t\t<div class=\"elementor-widget-container\">\n\t\t\t\t\t\t\t\t\t<h3><span style=\"color: #ffffff;\">Nuestro servicio en l\u00ednea de autenticaci\u00f3n de art\u00edculos de lujo<\/span><\/h3>\t\t\t\t\t\t\t\t<\/div>\n\t\t\t\t<\/div>\n\t\t\t\t<div class=\"elementor-element elementor-element-554e30f elementor-widget elementor-widget-text-editor\" data-id=\"554e30f\" data-element_type=\"widget\" data-e-type=\"widget\" data-widget_type=\"text-editor.default\">\n\t\t\t\t<div class=\"elementor-widget-container\">\n\t\t\t\t\t\t\t\t\t<p>Real Authentication is the trusted luxury goods authentication service for authentic luxury goods online. Our online authentication for designer goods, including MM6 Maison Margiela, is guaranteed to provide you with a reliable and efficient service. Our authentication experts use state-of-the-art technology and a Intelascan\u2122 to determine authenticity, and once your order is complete, you will receive email notifications with our determination of &#8216;Authentic&#8217; or &#8216;Counterfeit.&#8217; Trust Real Authentication for all your luxury goods authentication needs.<\/p>\t\t\t\t\t\t\t\t<\/div>\n\t\t\t\t<\/div>\n\t\t\t\t\t<\/div>\n\t\t<\/div>\n\t\t\t\t\t<\/div>\n\t\t<\/section>\n\t\t\t\t<section data-particle_enable=\"false\" data-particle-mobile-disabled=\"false\" class=\"elementor-section elementor-top-section elementor-element elementor-element-b85a174 qodef-elementor-content-grid elementor-section-boxed elementor-section-height-default elementor-section-height-default qodef-elementor-stretch-row-no qodef-elementor-overlay-no\" data-id=\"b85a174\" data-element_type=\"section\" data-e-type=\"section\" data-settings=\"{&quot;background_background&quot;:&quot;classic&quot;}\">\n\t\t\t\t\t\t<div class=\"elementor-container elementor-column-gap-default\">\n\t\t\t\t\t<div class=\"elementor-column elementor-col-50 elementor-top-column elementor-element elementor-element-bf6ec92\" data-id=\"bf6ec92\" data-element_type=\"column\" data-e-type=\"column\">\n\t\t\t<div class=\"elementor-widget-wrap elementor-element-populated\">\n\t\t\t\t\t\t<div class=\"elementor-element elementor-element-0bdc56b elementor-widget elementor-widget-text-editor\" data-id=\"0bdc56b\" data-element_type=\"widget\" data-e-type=\"widget\" data-widget_type=\"text-editor.default\">\n\t\t\t\t<div class=\"elementor-widget-container\">\n\t\t\t\t\t\t\t\t\t<h3><span style=\"color: #ffffff;\">Here at Real Authentication, We Authenticate MM6 Maison Margiela:<\/span><\/h3>\t\t\t\t\t\t\t\t<\/div>\n\t\t\t\t<\/div>\n\t\t\t\t<div class=\"elementor-element elementor-element-56287fc elementor-widget elementor-widget-text-editor\" data-id=\"56287fc\" data-element_type=\"widget\" data-e-type=\"widget\" data-widget_type=\"text-editor.default\">\n\t\t\t\t<div class=\"elementor-widget-container\">\n\t\t\t\t\t\t\t\t\t<p>&#8211; MM6 Maison Margiela Clothing<br \/><span style=\"background-color: #000000;\">&#8211; MM6 Maison Margiela Shoes<br \/><\/span><span style=\"background-color: #000000;\">&#8211; MM6 Maison Margiela Handbags<br \/><\/span><span style=\"background-color: #000000;\">&#8211; MM6 Maison Margiela Jewelry<\/span><\/p>\t\t\t\t\t\t\t\t<\/div>\n\t\t\t\t<\/div>\n\t\t\t\t\t<\/div>\n\t\t<\/div>\n\t\t\t\t<div class=\"elementor-column elementor-col-50 elementor-top-column elementor-element elementor-element-3b1eaac\" data-id=\"3b1eaac\" data-element_type=\"column\" data-e-type=\"column\">\n\t\t\t<div class=\"elementor-widget-wrap elementor-element-populated\">\n\t\t\t\t\t\t<div class=\"elementor-element elementor-element-e92b497 elementor-widget elementor-widget-text-editor\" data-id=\"e92b497\" data-element_type=\"widget\" data-e-type=\"widget\" data-widget_type=\"text-editor.default\">\n\t\t\t\t<div class=\"elementor-widget-container\">\n\t\t\t\t\t\t\t\t\t<h3><span style=\"color: #ffffff;\">Trust Real Authentication for Your Luxury Goods<\/span><\/h3>\t\t\t\t\t\t\t\t<\/div>\n\t\t\t\t<\/div>\n\t\t\t\t<div class=\"elementor-element elementor-element-b250d62 elementor-widget elementor-widget-text-editor\" data-id=\"b250d62\" data-element_type=\"widget\" data-e-type=\"widget\" data-widget_type=\"text-editor.default\">\n\t\t\t\t<div class=\"elementor-widget-container\">\n\t\t\t\t\t\t\t\t\t<p>Real Authentication is the most trusted and reliable online authentication service for luxury goods, including MM6 Maison Margiela products. Our authentication experts use the latest technology and techniques to provide a guaranteed luxury goods authentication service, all conducted on our secure platform. Trust Real Authentication for your online luxury goods authentication needs and experience the peace of mind that comes with our trusted authentication experts.<\/p>\t\t\t\t\t\t\t\t<\/div>\n\t\t\t\t<\/div>\n\t\t\t\t\t<\/div>\n\t\t<\/div>\n\t\t\t\t\t<\/div>\n\t\t<\/section>\n\t\t\t\t<section data-particle_enable=\"false\" data-particle-mobile-disabled=\"false\" class=\"elementor-section elementor-top-section elementor-element elementor-element-2b0e06b8 qodef-elementor-content-grid elementor-section-boxed elementor-section-height-default elementor-section-height-default qodef-elementor-stretch-row-no qodef-elementor-overlay-no\" data-id=\"2b0e06b8\" data-element_type=\"section\" data-e-type=\"section\">\n\t\t\t\t\t\t<div class=\"elementor-container elementor-column-gap-default\">\n\t\t\t\t\t<div class=\"elementor-column elementor-col-50 elementor-top-column elementor-element elementor-element-46b7470c\" data-id=\"46b7470c\" data-element_type=\"column\" data-e-type=\"column\">\n\t\t\t<div class=\"elementor-widget-wrap elementor-element-populated\">\n\t\t\t\t\t\t<div class=\"elementor-element elementor-element-64429bca elementor-widget__width-initial elementor-widget elementor-widget-image\" data-id=\"64429bca\" data-element_type=\"widget\" data-e-type=\"widget\" data-widget_type=\"image.default\">\n\t\t\t\t<div class=\"elementor-widget-container\">\n\t\t\t\t\t\t\t\t\t\t\t\t\t\t\t\t<a href=\"https:\/\/realauthentication.com\/es\/real-plus\/\">\n\t\t\t\t\t\t\t<img fetchpriority=\"high\" decoding=\"async\" width=\"1024\" height=\"707\" src=\"https:\/\/realauthentication.com\/wp-content\/uploads\/2023\/06\/luxury-boutique-1024x707.jpg\" class=\"attachment-large size-large wp-image-8129\" alt=\"Real Authentication Real Plus Thumbnail - Luxury Boutique storefront\" srcset=\"https:\/\/realauthentication.com\/wp-content\/uploads\/2023\/06\/luxury-boutique-1024x707.jpg 1024w, https:\/\/realauthentication.com\/wp-content\/uploads\/2023\/06\/luxury-boutique-300x207.jpg 300w, https:\/\/realauthentication.com\/wp-content\/uploads\/2023\/06\/luxury-boutique-768x530.jpg 768w, https:\/\/realauthentication.com\/wp-content\/uploads\/2023\/06\/luxury-boutique-1536x1061.jpg 1536w, https:\/\/realauthentication.com\/wp-content\/uploads\/2023\/06\/luxury-boutique.jpg 2000w\" sizes=\"(max-width: 1024px) 100vw, 1024px\" \/>\t\t\t\t\t\t\t\t<\/a>\n\t\t\t\t\t\t\t\t\t\t\t\t\t\t\t<\/div>\n\t\t\t\t<\/div>\n\t\t\t\t\t<\/div>\n\t\t<\/div>\n\t\t\t\t<div class=\"elementor-column elementor-col-50 elementor-top-column elementor-element elementor-element-547c3024\" data-id=\"547c3024\" data-element_type=\"column\" data-e-type=\"column\">\n\t\t\t<div class=\"elementor-widget-wrap elementor-element-populated\">\n\t\t\t\t\t\t<div class=\"elementor-element elementor-element-77fa9e1d elementor-widget elementor-widget-heading\" data-id=\"77fa9e1d\" data-element_type=\"widget\" data-e-type=\"widget\" data-widget_type=\"heading.default\">\n\t\t\t\t<div class=\"elementor-widget-container\">\n\t\t\t\t\t<h2 class=\"elementor-heading-title elementor-size-default\">Get Unrivaled Savings &amp; Flexible Authentication with the REAL+ Program<\/h2>\t\t\t\t<\/div>\n\t\t\t\t<\/div>\n\t\t\t\t<div class=\"elementor-element elementor-element-4fb43fce elementor-widget__width-initial elementor-widget elementor-widget-text-editor\" data-id=\"4fb43fce\" data-element_type=\"widget\" data-e-type=\"widget\" data-widget_type=\"text-editor.default\">\n\t\t\t\t<div class=\"elementor-widget-container\">\n\t\t\t\t\t\t\t\t\t<p><a href=\"https:\/\/realauthentication.com\/es\/real-plus\/\">REAL+<\/a> is an unrivaled, self-elected discount program offering unbeatable savings up to 30% and flexible options for authenticating your luxury items. Select your own discount tier to start saving today!<\/p>\t\t\t\t\t\t\t\t<\/div>\n\t\t\t\t<\/div>\n\t\t\t\t<div class=\"elementor-element elementor-element-44ad18c0 elementor-widget elementor-widget-button\" data-id=\"44ad18c0\" data-element_type=\"widget\" data-e-type=\"widget\" data-widget_type=\"button.default\">\n\t\t\t\t<div class=\"elementor-widget-container\">\n\t\t\t\t\t\t\t\t\t<div class=\"elementor-button-wrapper\">\n\t\t\t\t\t<a class=\"elementor-button elementor-button-link elementor-size-md\" href=\"https:\/\/realauthentication.com\/es\/real-plus\/\">\n\t\t\t\t\t\t<span class=\"elementor-button-content-wrapper\">\n\t\t\t\t\t\t\t\t\t<span class=\"elementor-button-text\">SABER M\u00c1S<\/span>\n\t\t\t\t\t<\/span>\n\t\t\t\t\t<\/a>\n\t\t\t\t<\/div>\n\t\t\t\t\t\t\t\t<\/div>\n\t\t\t\t<\/div>\n\t\t\t\t\t<\/div>\n\t\t<\/div>\n\t\t\t\t\t<\/div>\n\t\t<\/section>\n\t\t\t\t<\/div>","protected":false},"excerpt":{"rendered":"<p>MM6 Maison Margiela Real Authentication is the leading online authentication service for luxury goods, offering a reliable and efficient service for authenticating MM6 Maison Margiela products. Our authentication experts conduct a thorough analysis of each product to determine its authenticity, and our secure platform ensures the confidentiality of your information. About MM6 Maison Margiela Established [&hellip;]<\/p>\n","protected":false},"author":7,"featured_media":0,"parent":0,"menu_order":0,"comment_status":"closed","ping_status":"closed","template":"page-full-width.php","meta":{"_acf_changed":false,"footnotes":""},"class_list":["post-8746","page","type-page","status-publish","hentry"],"acf":[],"yoast_head":"<!-- This site is optimized with the Yoast SEO plugin v27.5 - https:\/\/yoast.com\/product\/yoast-seo-wordpress\/ -->\n<title>We Authenticate MM6 Maison Margiela | Real Authentication, LLC<\/title>\n<meta name=\"description\" content=\"We authenticate MM6 Maison Margiela! The leading online luxury goods authentication service, offering a reliable and efficient service.\" \/>\n<meta name=\"robots\" content=\"index, follow, max-snippet:-1, max-image-preview:large, max-video-preview:-1\" \/>\n<link rel=\"canonical\" href=\"https:\/\/realauthentication.com\/es\/we-authenticate-mm6-maison-margiela\/\" \/>\n<meta property=\"og:locale\" content=\"es_ES\" \/>\n<meta property=\"og:type\" content=\"article\" \/>\n<meta property=\"og:title\" content=\"We Authenticate MM6 Maison Margiela | Real Authentication, LLC\" \/>\n<meta property=\"og:description\" content=\"We authenticate MM6 Maison Margiela! The leading online luxury goods authentication service, offering a reliable and efficient service.\" \/>\n<meta property=\"og:url\" content=\"https:\/\/realauthentication.com\/es\/we-authenticate-mm6-maison-margiela\/\" \/>\n<meta property=\"og:site_name\" content=\"REAL AUTHENTICATION\" \/>\n<meta property=\"article:modified_time\" content=\"2026-04-30T02:04:04+00:00\" \/>\n<meta property=\"og:image\" content=\"https:\/\/realauthentication.com\/wp-content\/uploads\/2023\/06\/luxury-boutique.jpg\" \/>\n\t<meta property=\"og:image:width\" content=\"2000\" \/>\n\t<meta property=\"og:image:height\" content=\"1381\" \/>\n\t<meta property=\"og:image:type\" content=\"image\/jpeg\" \/>\n<meta name=\"twitter:card\" content=\"summary_large_image\" \/>\n<meta name=\"twitter:label1\" content=\"Est. reading time\" \/>\n\t<meta name=\"twitter:data1\" content=\"3 minutos\" \/>\n<script type=\"application\/ld+json\" class=\"yoast-schema-graph\">{\"@context\":\"https:\\\/\\\/schema.org\",\"@graph\":[{\"@type\":\"WebPage\",\"@id\":\"https:\\\/\\\/realauthentication.com\\\/we-authenticate-mm6-maison-margiela\\\/\",\"url\":\"https:\\\/\\\/realauthentication.com\\\/we-authenticate-mm6-maison-margiela\\\/\",\"name\":\"We Authenticate MM6 Maison Margiela | Real Authentication, LLC\",\"isPartOf\":{\"@id\":\"https:\\\/\\\/realauthentication.com\\\/#website\"},\"primaryImageOfPage\":{\"@id\":\"https:\\\/\\\/realauthentication.com\\\/we-authenticate-mm6-maison-margiela\\\/#primaryimage\"},\"image\":{\"@id\":\"https:\\\/\\\/realauthentication.com\\\/we-authenticate-mm6-maison-margiela\\\/#primaryimage\"},\"thumbnailUrl\":\"https:\\\/\\\/realauthentication.com\\\/wp-content\\\/uploads\\\/2023\\\/06\\\/luxury-boutique-1024x707.jpg\",\"datePublished\":\"2024-03-21T21:20:22+00:00\",\"dateModified\":\"2026-04-30T02:04:04+00:00\",\"description\":\"We authenticate MM6 Maison Margiela! The leading online luxury goods authentication service, offering a reliable and efficient service.\",\"breadcrumb\":{\"@id\":\"https:\\\/\\\/realauthentication.com\\\/we-authenticate-mm6-maison-margiela\\\/#breadcrumb\"},\"inLanguage\":\"es\",\"potentialAction\":[{\"@type\":\"ReadAction\",\"target\":[\"https:\\\/\\\/realauthentication.com\\\/we-authenticate-mm6-maison-margiela\\\/\"]}]},{\"@type\":\"ImageObject\",\"inLanguage\":\"es\",\"@id\":\"https:\\\/\\\/realauthentication.com\\\/we-authenticate-mm6-maison-margiela\\\/#primaryimage\",\"url\":\"https:\\\/\\\/realauthentication.com\\\/wp-content\\\/uploads\\\/2023\\\/06\\\/luxury-boutique-1024x707.jpg\",\"contentUrl\":\"https:\\\/\\\/realauthentication.com\\\/wp-content\\\/uploads\\\/2023\\\/06\\\/luxury-boutique-1024x707.jpg\"},{\"@type\":\"BreadcrumbList\",\"@id\":\"https:\\\/\\\/realauthentication.com\\\/we-authenticate-mm6-maison-margiela\\\/#breadcrumb\",\"itemListElement\":[{\"@type\":\"ListItem\",\"position\":1,\"name\":\"Home\",\"item\":\"https:\\\/\\\/realauthentication.com\\\/\"},{\"@type\":\"ListItem\",\"position\":2,\"name\":\"We Authenticate MM6 Maison Margiela\"}]},{\"@type\":\"WebSite\",\"@id\":\"https:\\\/\\\/realauthentication.com\\\/#website\",\"url\":\"https:\\\/\\\/realauthentication.com\\\/\",\"name\":\"REAL AUTHENTICATION\",\"description\":\"Luxury Designer Authentication Services\",\"potentialAction\":[{\"@type\":\"SearchAction\",\"target\":{\"@type\":\"EntryPoint\",\"urlTemplate\":\"https:\\\/\\\/realauthentication.com\\\/?s={search_term_string}\"},\"query-input\":{\"@type\":\"PropertyValueSpecification\",\"valueRequired\":true,\"valueName\":\"search_term_string\"}}],\"inLanguage\":\"es\"}]}<\/script>\n<!-- \/ Yoast SEO plugin. -->","yoast_head_json":{"title":"We Authenticate MM6 Maison Margiela | Real Authentication, LLC","description":"We authenticate MM6 Maison Margiela! The leading online luxury goods authentication service, offering a reliable and efficient service.","robots":{"index":"index","follow":"follow","max-snippet":"max-snippet:-1","max-image-preview":"max-image-preview:large","max-video-preview":"max-video-preview:-1"},"canonical":"https:\/\/realauthentication.com\/es\/we-authenticate-mm6-maison-margiela\/","og_locale":"es_ES","og_type":"article","og_title":"We Authenticate MM6 Maison Margiela | Real Authentication, LLC","og_description":"We authenticate MM6 Maison Margiela! The leading online luxury goods authentication service, offering a reliable and efficient service.","og_url":"https:\/\/realauthentication.com\/es\/we-authenticate-mm6-maison-margiela\/","og_site_name":"REAL AUTHENTICATION","article_modified_time":"2026-04-30T02:04:04+00:00","og_image":[{"width":2000,"height":1381,"url":"https:\/\/realauthentication.com\/wp-content\/uploads\/2023\/06\/luxury-boutique.jpg","type":"image\/jpeg"}],"twitter_card":"summary_large_image","twitter_misc":{"Est. reading time":"3 minutos"},"schema":{"@context":"https:\/\/schema.org","@graph":[{"@type":"WebPage","@id":"https:\/\/realauthentication.com\/we-authenticate-mm6-maison-margiela\/","url":"https:\/\/realauthentication.com\/we-authenticate-mm6-maison-margiela\/","name":"We Authenticate MM6 Maison Margiela | Real Authentication, LLC","isPartOf":{"@id":"https:\/\/realauthentication.com\/#website"},"primaryImageOfPage":{"@id":"https:\/\/realauthentication.com\/we-authenticate-mm6-maison-margiela\/#primaryimage"},"image":{"@id":"https:\/\/realauthentication.com\/we-authenticate-mm6-maison-margiela\/#primaryimage"},"thumbnailUrl":"https:\/\/realauthentication.com\/wp-content\/uploads\/2023\/06\/luxury-boutique-1024x707.jpg","datePublished":"2024-03-21T21:20:22+00:00","dateModified":"2026-04-30T02:04:04+00:00","description":"We authenticate MM6 Maison Margiela! The leading online luxury goods authentication service, offering a reliable and efficient service.","breadcrumb":{"@id":"https:\/\/realauthentication.com\/we-authenticate-mm6-maison-margiela\/#breadcrumb"},"inLanguage":"es","potentialAction":[{"@type":"ReadAction","target":["https:\/\/realauthentication.com\/we-authenticate-mm6-maison-margiela\/"]}]},{"@type":"ImageObject","inLanguage":"es","@id":"https:\/\/realauthentication.com\/we-authenticate-mm6-maison-margiela\/#primaryimage","url":"https:\/\/realauthentication.com\/wp-content\/uploads\/2023\/06\/luxury-boutique-1024x707.jpg","contentUrl":"https:\/\/realauthentication.com\/wp-content\/uploads\/2023\/06\/luxury-boutique-1024x707.jpg"},{"@type":"BreadcrumbList","@id":"https:\/\/realauthentication.com\/we-authenticate-mm6-maison-margiela\/#breadcrumb","itemListElement":[{"@type":"ListItem","position":1,"name":"Home","item":"https:\/\/realauthentication.com\/"},{"@type":"ListItem","position":2,"name":"We Authenticate MM6 Maison Margiela"}]},{"@type":"WebSite","@id":"https:\/\/realauthentication.com\/#website","url":"https:\/\/realauthentication.com\/","name":"AUTENTICACI\u00d3N REAL","description":"Servicios de autenticaci\u00f3n de dise\u00f1adores de lujo","potentialAction":[{"@type":"SearchAction","target":{"@type":"EntryPoint","urlTemplate":"https:\/\/realauthentication.com\/?s={search_term_string}"},"query-input":{"@type":"PropertyValueSpecification","valueRequired":true,"valueName":"search_term_string"}}],"inLanguage":"es"}]}},"featured_image_src":null,"featured_image_src_square":null,"_links":{"self":[{"href":"https:\/\/realauthentication.com\/es\/wp-json\/wp\/v2\/pages\/8746","targetHints":{"allow":["GET"]}}],"collection":[{"href":"https:\/\/realauthentication.com\/es\/wp-json\/wp\/v2\/pages"}],"about":[{"href":"https:\/\/realauthentication.com\/es\/wp-json\/wp\/v2\/types\/page"}],"author":[{"embeddable":true,"href":"https:\/\/realauthentication.com\/es\/wp-json\/wp\/v2\/users\/7"}],"replies":[{"embeddable":true,"href":"https:\/\/realauthentication.com\/es\/wp-json\/wp\/v2\/comments?post=8746"}],"version-history":[{"count":0,"href":"https:\/\/realauthentication.com\/es\/wp-json\/wp\/v2\/pages\/8746\/revisions"}],"wp:attachment":[{"href":"https:\/\/realauthentication.com\/es\/wp-json\/wp\/v2\/media?parent=8746"}],"curies":[{"name":"wp","href":"https:\/\/api.w.org\/{rel}","templated":true}]}}