
{"id":8105,"date":"2023-05-10T23:32:28","date_gmt":"2023-05-10T23:32:28","guid":{"rendered":"https:\/\/realauthentication.com\/?page_id=8105"},"modified":"2026-03-26T21:02:49","modified_gmt":"2026-03-26T21:02:49","slug":"we-authenticate-georg-jensen","status":"publish","type":"page","link":"https:\/\/realauthentication.com\/es\/we-authenticate-georg-jensen\/","title":{"rendered":"We Authenticate Georg Jensen"},"content":{"rendered":"<div data-elementor-type=\"wp-page\" data-elementor-id=\"8105\" class=\"elementor elementor-8105\" data-elementor-post-type=\"page\">\n\t\t\t\t\t\t<section data-particle_enable=\"false\" data-particle-mobile-disabled=\"false\" class=\"elementor-section elementor-top-section elementor-element elementor-element-096c893 qodef-elementor-content-grid elementor-section-boxed elementor-section-height-default elementor-section-height-default qodef-elementor-stretch-row-no qodef-elementor-overlay-no\" data-id=\"096c893\" data-element_type=\"section\" data-e-type=\"section\">\n\t\t\t\t\t\t<div class=\"elementor-container elementor-column-gap-default\">\n\t\t\t\t\t<div class=\"elementor-column elementor-col-100 elementor-top-column elementor-element elementor-element-0f963ec\" data-id=\"0f963ec\" data-element_type=\"column\" data-e-type=\"column\">\n\t\t\t<div class=\"elementor-widget-wrap elementor-element-populated\">\n\t\t\t\t\t\t<div class=\"elementor-element elementor-element-56ab895 elementor-widget elementor-widget-spacer\" data-id=\"56ab895\" data-element_type=\"widget\" data-e-type=\"widget\" data-widget_type=\"spacer.default\">\n\t\t\t\t<div class=\"elementor-widget-container\">\n\t\t\t\t\t\t\t<div class=\"elementor-spacer\">\n\t\t\t<div class=\"elementor-spacer-inner\"><\/div>\n\t\t<\/div>\n\t\t\t\t\t\t<\/div>\n\t\t\t\t<\/div>\n\t\t\t\t\t<\/div>\n\t\t<\/div>\n\t\t\t\t\t<\/div>\n\t\t<\/section>\n\t\t\t\t<section data-particle_enable=\"false\" data-particle-mobile-disabled=\"false\" class=\"elementor-section elementor-top-section elementor-element elementor-element-f65f917 qodef-elementor-content-grid elementor-section-boxed elementor-section-height-default elementor-section-height-default qodef-elementor-stretch-row-no qodef-elementor-overlay-no\" data-id=\"f65f917\" data-element_type=\"section\" data-e-type=\"section\">\n\t\t\t\t\t\t<div class=\"elementor-container elementor-column-gap-default\">\n\t\t\t\t\t<div class=\"elementor-column elementor-col-50 elementor-top-column elementor-element elementor-element-b6803e8\" data-id=\"b6803e8\" data-element_type=\"column\" data-e-type=\"column\">\n\t\t\t<div class=\"elementor-widget-wrap elementor-element-populated\">\n\t\t\t\t\t\t<div class=\"elementor-element elementor-element-79d672f elementor-widget__width-initial elementor-widget elementor-widget-zermatt_core_section_title\" data-id=\"79d672f\" data-element_type=\"widget\" data-e-type=\"widget\" data-widget_type=\"zermatt_core_section_title.default\">\n\t\t\t\t<div class=\"elementor-widget-container\">\n\t\t\t\t\t<div class=\"qodef-shortcode qodef-m  qodef-section-title qodef-alignment--left\">\n\t\t\t<h1 class=\"qodef-m-title\" >\n\t\t\t\t\tGEORG JENSEN\t\t\t<\/h1>\n\t\t<\/div>\t\t\t\t<\/div>\n\t\t\t\t<\/div>\n\t\t\t\t<div class=\"elementor-element elementor-element-193cee7 elementor-widget elementor-widget-text-editor\" data-id=\"193cee7\" data-element_type=\"widget\" data-e-type=\"widget\" data-widget_type=\"text-editor.default\">\n\t\t\t\t<div class=\"elementor-widget-container\">\n\t\t\t\t\t\t\t\t\t<p>Real Authentication is the premier <a href=\"https:\/\/realauthentication.com\/es\/services\/\">online authentication service<\/a> for luxury goods, including Georg Jensen products. Our team of authentication experts has years of experience in verifying the authenticity of luxury goods, and our secure platform ensures that your information remains confidential.<\/p><p><strong>About GEORG JENSEN<\/strong><\/p><p>Georg Jensen is a luxury brand that has been crafting distinctive silverware, jewelry, watches, and home d\u00e9cor since 1904. The brand is known for its timeless designs and impeccable craftsmanship, which has garnered it a loyal following of collectors worldwide. Georg Jensen&#8217;s products are often recognized for their clean lines, simplicity, and modern elegance.<\/p>\t\t\t\t\t\t\t\t<\/div>\n\t\t\t\t<\/div>\n\t\t\t\t<div class=\"elementor-element elementor-element-eaf110c elementor-widget__width-initial elementor-widget elementor-widget-zermatt_core_section_title\" data-id=\"eaf110c\" data-element_type=\"widget\" data-e-type=\"widget\" data-widget_type=\"zermatt_core_section_title.default\">\n\t\t\t\t<div class=\"elementor-widget-container\">\n\t\t\t\t\t<div class=\"qodef-shortcode qodef-m  qodef-section-title qodef-alignment--left\">\n\t\t\t<h2 class=\"qodef-m-title\" >\n\t\t\t\t\tWhat Makes Georg Jensen Luxury Goods So Desirable\t\t\t<\/h2>\n\t\t<\/div>\t\t\t\t<\/div>\n\t\t\t\t<\/div>\n\t\t\t\t<div class=\"elementor-element elementor-element-82bcf12 elementor-widget elementor-widget-text-editor\" data-id=\"82bcf12\" data-element_type=\"widget\" data-e-type=\"widget\" data-widget_type=\"text-editor.default\">\n\t\t\t\t<div class=\"elementor-widget-container\">\n\t\t\t\t\t\t\t\t\t<p>Georg Jensen products are coveted for their clean, minimalistic design, impeccable craftsmanship, and unique material selection. The brand has a rich history of working with prominent designers, including Vivianna Torun B\u00fclow-H\u00fcbe and Henning Koppel, whose work has become iconic in the luxury industry. Georg Jensen products are a symbol of understated luxury that transcends time.<\/p>\t\t\t\t\t\t\t\t<\/div>\n\t\t\t\t<\/div>\n\t\t\t\t<div class=\"elementor-element elementor-element-9dfe6e7 elementor-widget elementor-widget-spacer\" data-id=\"9dfe6e7\" data-element_type=\"widget\" data-e-type=\"widget\" data-widget_type=\"spacer.default\">\n\t\t\t\t<div class=\"elementor-widget-container\">\n\t\t\t\t\t\t\t<div class=\"elementor-spacer\">\n\t\t\t<div class=\"elementor-spacer-inner\"><\/div>\n\t\t<\/div>\n\t\t\t\t\t\t<\/div>\n\t\t\t\t<\/div>\n\t\t\t\t\t<\/div>\n\t\t<\/div>\n\t\t\t\t<div class=\"elementor-column elementor-col-50 elementor-top-column elementor-element elementor-element-427104b\" data-id=\"427104b\" data-element_type=\"column\" data-e-type=\"column\">\n\t\t\t<div class=\"elementor-widget-wrap elementor-element-populated\">\n\t\t\t\t\t\t\t<\/div>\n\t\t<\/div>\n\t\t\t\t\t<\/div>\n\t\t<\/section>\n\t\t\t\t<section data-particle_enable=\"false\" data-particle-mobile-disabled=\"false\" class=\"elementor-section elementor-top-section elementor-element elementor-element-df00e3b elementor-section-boxed elementor-section-height-default elementor-section-height-default qodef-elementor-content-no qodef-elementor-stretch-row-no qodef-elementor-overlay-no\" data-id=\"df00e3b\" data-element_type=\"section\" data-e-type=\"section\" data-settings=\"{&quot;background_background&quot;:&quot;classic&quot;}\">\n\t\t\t\t\t\t<div class=\"elementor-container elementor-column-gap-default\">\n\t\t\t\t\t<div class=\"elementor-column elementor-col-33 elementor-top-column elementor-element elementor-element-b393347\" data-id=\"b393347\" data-element_type=\"column\" data-e-type=\"column\">\n\t\t\t<div class=\"elementor-widget-wrap elementor-element-populated\">\n\t\t\t\t\t\t<div class=\"elementor-element elementor-element-e9ddede elementor-widget elementor-widget-heading\" data-id=\"e9ddede\" data-element_type=\"widget\" data-e-type=\"widget\" data-widget_type=\"heading.default\">\n\t\t\t\t<div class=\"elementor-widget-container\">\n\t\t\t\t\t<h2 class=\"elementor-heading-title elementor-size-default\">Authenticate Georg Jensen with Real Authentication<\/h2>\t\t\t\t<\/div>\n\t\t\t\t<\/div>\n\t\t\t\t<div class=\"elementor-element elementor-element-49d4ba3 elementor-widget elementor-widget-text-editor\" data-id=\"49d4ba3\" data-element_type=\"widget\" data-e-type=\"widget\" data-widget_type=\"text-editor.default\">\n\t\t\t\t<div class=\"elementor-widget-container\">\n\t\t\t\t\t\t\t\t\t<p>If you&#8217;re a collector or admirer of Georg Jensen products, it&#8217;s essential to verify the authenticity of the item before adding it to your collection. Real Authentication offers online authentication services for Georg Jensen and other luxury brands. Our team of authentication specialists uses state-of-the-art technology and a Intelascan\u2122 to determine authenticity, ensuring that you receive the most reliable and efficient service.<\/p>\t\t\t\t\t\t\t\t<\/div>\n\t\t\t\t<\/div>\n\t\t\t\t\t<\/div>\n\t\t<\/div>\n\t\t\t\t<div class=\"elementor-column elementor-col-33 elementor-top-column elementor-element elementor-element-2f8e07a\" data-id=\"2f8e07a\" data-element_type=\"column\" data-e-type=\"column\">\n\t\t\t<div class=\"elementor-widget-wrap elementor-element-populated\">\n\t\t\t\t\t\t<div class=\"elementor-element elementor-element-8568cc4 elementor-widget elementor-widget-heading\" data-id=\"8568cc4\" data-element_type=\"widget\" data-e-type=\"widget\" data-widget_type=\"heading.default\">\n\t\t\t\t<div class=\"elementor-widget-container\">\n\t\t\t\t\t<h2 class=\"elementor-heading-title elementor-size-default\">Nuestro servicio en l\u00ednea de autenticaci\u00f3n de art\u00edculos de lujo<\/h2>\t\t\t\t<\/div>\n\t\t\t\t<\/div>\n\t\t\t\t<div class=\"elementor-element elementor-element-c8c7672 elementor-widget elementor-widget-text-editor\" data-id=\"c8c7672\" data-element_type=\"widget\" data-e-type=\"widget\" data-widget_type=\"text-editor.default\">\n\t\t\t\t<div class=\"elementor-widget-container\">\n\t\t\t\t\t\t\t\t\t<p>Our authentication experts use the latest technology and techniques to provide a guaranteed luxury goods authentication service, all conducted on our secure platform. Trust Real Authentication for your online luxury goods authentication needs and experience the peace of mind that comes with our trusted authentication experts.<\/p>\t\t\t\t\t\t\t\t<\/div>\n\t\t\t\t<\/div>\n\t\t\t\t\t<\/div>\n\t\t<\/div>\n\t\t\t\t<div class=\"elementor-column elementor-col-33 elementor-top-column elementor-element elementor-element-d1137ae\" data-id=\"d1137ae\" data-element_type=\"column\" data-e-type=\"column\">\n\t\t\t<div class=\"elementor-widget-wrap elementor-element-populated\">\n\t\t\t\t\t\t<div class=\"elementor-element elementor-element-b3847f6 elementor-widget elementor-widget-heading\" data-id=\"b3847f6\" data-element_type=\"widget\" data-e-type=\"widget\" data-widget_type=\"heading.default\">\n\t\t\t\t<div class=\"elementor-widget-container\">\n\t\t\t\t\t<h2 class=\"elementor-heading-title elementor-size-default\">Trust Real Authentication for Your Luxury Goods<\/h2>\t\t\t\t<\/div>\n\t\t\t\t<\/div>\n\t\t\t\t<div class=\"elementor-element elementor-element-499f4e4 elementor-widget elementor-widget-text-editor\" data-id=\"499f4e4\" data-element_type=\"widget\" data-e-type=\"widget\" data-widget_type=\"text-editor.default\">\n\t\t\t\t<div class=\"elementor-widget-container\">\n\t\t\t\t\t\t\t\t\t<p>Real Authentication is the trusted luxury goods authentication service for authentic luxury goods online. Our online authentication service for designer goods, including Georg Jensen, is guaranteed to provide you with a reliable and efficient service.<\/p>\t\t\t\t\t\t\t\t<\/div>\n\t\t\t\t<\/div>\n\t\t\t\t\t<\/div>\n\t\t<\/div>\n\t\t\t\t\t<\/div>\n\t\t<\/section>\n\t\t\t\t<section data-particle_enable=\"false\" data-particle-mobile-disabled=\"false\" class=\"elementor-section elementor-top-section elementor-element elementor-element-2070dac qodef-elementor-content-grid elementor-section-boxed elementor-section-height-default elementor-section-height-default qodef-elementor-stretch-row-no qodef-elementor-overlay-no\" data-id=\"2070dac\" data-element_type=\"section\" data-e-type=\"section\">\n\t\t\t\t\t\t<div class=\"elementor-container elementor-column-gap-default\">\n\t\t\t\t\t<div class=\"elementor-column elementor-col-50 elementor-top-column elementor-element elementor-element-b6c3a16\" data-id=\"b6c3a16\" data-element_type=\"column\" data-e-type=\"column\">\n\t\t\t<div class=\"elementor-widget-wrap elementor-element-populated\">\n\t\t\t\t\t\t<div class=\"elementor-element elementor-element-4cc4d92 elementor-widget elementor-widget-image\" data-id=\"4cc4d92\" data-element_type=\"widget\" data-e-type=\"widget\" data-widget_type=\"image.default\">\n\t\t\t\t<div class=\"elementor-widget-container\">\n\t\t\t\t\t\t\t\t\t\t\t\t\t\t\t\t<a href=\"https:\/\/apps.apple.com\/us\/app\/real-authentication\/id1170927767\" target=\"_blank\">\n\t\t\t\t\t\t\t<img decoding=\"async\" src=\"https:\/\/realauthentication.com\/wp-content\/uploads\/elementor\/thumbs\/ra-about-download-b-qus6er0ibsjr9uti4q3kuu3xeac07mmxd78qlqy6za.png\" title=\"Aplicaci\u00f3n de autenticaci\u00f3n real\" alt=\"Louis Vuitton and Real Authentication logo on mobile cut out for Real Authentication App section\" loading=\"lazy\" \/>\t\t\t\t\t\t\t\t<\/a>\n\t\t\t\t\t\t\t\t\t\t\t\t\t\t\t<\/div>\n\t\t\t\t<\/div>\n\t\t\t\t\t<\/div>\n\t\t<\/div>\n\t\t\t\t<div class=\"elementor-column elementor-col-50 elementor-top-column elementor-element elementor-element-a81a563\" data-id=\"a81a563\" data-element_type=\"column\" data-e-type=\"column\">\n\t\t\t<div class=\"elementor-widget-wrap elementor-element-populated\">\n\t\t\t\t\t\t<div class=\"elementor-element elementor-element-461d265 elementor-widget elementor-widget-heading\" data-id=\"461d265\" data-element_type=\"widget\" data-e-type=\"widget\" data-widget_type=\"heading.default\">\n\t\t\t\t<div class=\"elementor-widget-container\">\n\t\t\t\t\t<h2 class=\"elementor-heading-title elementor-size-default\">Descargue hoy mismo la aplicaci\u00f3n REAL AUTHENTICATION en el App Store de Apple.<\/h2>\t\t\t\t<\/div>\n\t\t\t\t<\/div>\n\t\t\t\t<div class=\"elementor-element elementor-element-415c32a0 elementor-widget__width-initial elementor-widget elementor-widget-text-editor\" data-id=\"415c32a0\" data-element_type=\"widget\" data-e-type=\"widget\" data-widget_type=\"text-editor.default\">\n\t\t\t\t<div class=\"elementor-widget-container\">\n\t\t\t\t\t\t\t\t\t<p>Ofrecemos servicios de autenticaci\u00f3n r\u00e1pidos y sencillos para bolsos, zapatos, ropa, joyas, relojes y accesorios de dise\u00f1adores de lujo antes y despu\u00e9s de la compra.<\/p>\t\t\t\t\t\t\t\t<\/div>\n\t\t\t\t<\/div>\n\t\t\t\t<section data-particle_enable=\"false\" data-particle-mobile-disabled=\"false\" class=\"elementor-section elementor-inner-section elementor-element elementor-element-24ffb16 elementor-section-boxed elementor-section-height-default elementor-section-height-default qodef-elementor-content-no qodef-elementor-stretch-row-no qodef-elementor-overlay-no\" data-id=\"24ffb16\" data-element_type=\"section\" data-e-type=\"section\">\n\t\t\t\t\t\t<div class=\"elementor-container elementor-column-gap-default\">\n\t\t\t\t\t<div class=\"elementor-column elementor-col-50 elementor-inner-column elementor-element elementor-element-647dc24\" data-id=\"647dc24\" data-element_type=\"column\" data-e-type=\"column\">\n\t\t\t<div class=\"elementor-widget-wrap elementor-element-populated\">\n\t\t\t\t\t\t<div class=\"elementor-element elementor-element-8cab64a elementor-widget elementor-widget-button\" data-id=\"8cab64a\" data-element_type=\"widget\" data-e-type=\"widget\" data-widget_type=\"button.default\">\n\t\t\t\t<div class=\"elementor-widget-container\">\n\t\t\t\t\t\t\t\t\t<div class=\"elementor-button-wrapper\">\n\t\t\t\t\t<a class=\"elementor-button elementor-button-link elementor-size-lg\" href=\"https:\/\/apps.apple.com\/us\/app\/real-authentication\/id1170927767\" target=\"_blank\">\n\t\t\t\t\t\t<span class=\"elementor-button-content-wrapper\">\n\t\t\t\t\t\t\t\t\t<span class=\"elementor-button-text\">DESCARGA NUESTRA APP<\/span>\n\t\t\t\t\t<\/span>\n\t\t\t\t\t<\/a>\n\t\t\t\t<\/div>\n\t\t\t\t\t\t\t\t<\/div>\n\t\t\t\t<\/div>\n\t\t\t\t\t<\/div>\n\t\t<\/div>\n\t\t\t\t<div class=\"elementor-column elementor-col-50 elementor-inner-column elementor-element elementor-element-f6cd6b1\" data-id=\"f6cd6b1\" data-element_type=\"column\" data-e-type=\"column\">\n\t\t\t<div class=\"elementor-widget-wrap elementor-element-populated\">\n\t\t\t\t\t\t<div class=\"elementor-element elementor-element-a35236e elementor-widget elementor-widget-image\" data-id=\"a35236e\" data-element_type=\"widget\" data-e-type=\"widget\" data-widget_type=\"image.default\">\n\t\t\t\t<div class=\"elementor-widget-container\">\n\t\t\t\t\t\t\t\t\t\t\t\t\t\t\t\t<a href=\"https:\/\/apps.apple.com\/us\/app\/real-authentication\/id1170927767\" target=\"_blank\">\n\t\t\t\t\t\t\t<img decoding=\"async\" src=\"https:\/\/realauthentication.com\/wp-content\/uploads\/elementor\/thumbs\/ra-about-download-app-qus6eq2ngebxxb1573qwecz56lwes4jd812gi0pjii.png\" title=\"Aplicaci\u00f3n de autenticaci\u00f3n real\" alt=\"Aplicaci\u00f3n de autenticaci\u00f3n real\" loading=\"lazy\" \/>\t\t\t\t\t\t\t\t<\/a>\n\t\t\t\t\t\t\t\t\t\t\t\t\t\t\t<\/div>\n\t\t\t\t<\/div>\n\t\t\t\t\t<\/div>\n\t\t<\/div>\n\t\t\t\t\t<\/div>\n\t\t<\/section>\n\t\t\t\t\t<\/div>\n\t\t<\/div>\n\t\t\t\t\t<\/div>\n\t\t<\/section>\n\t\t\t\t<\/div>","protected":false},"excerpt":{"rendered":"<p>GEORG JENSEN Real Authentication is the premier online authentication service for luxury goods, including Georg Jensen products. Our team of authentication experts has years of experience in verifying the authenticity of luxury goods, and our secure platform ensures that your information remains confidential. About GEORG JENSEN Georg Jensen is a luxury brand that has been [&hellip;]<\/p>\n","protected":false},"author":7,"featured_media":0,"parent":0,"menu_order":0,"comment_status":"closed","ping_status":"closed","template":"page-full-width.php","meta":{"_acf_changed":false,"footnotes":""},"class_list":["post-8105","page","type-page","status-publish","hentry"],"acf":[],"yoast_head":"<!-- This site is optimized with the Yoast SEO plugin v27.3 - https:\/\/yoast.com\/product\/yoast-seo-wordpress\/ -->\n<title>We Authenticate Georg Jensen - REAL AUTHENTICATION<\/title>\n<meta name=\"description\" content=\"The leading online authentication service for luxury goods, providing trusted authentication services for authenticating Georg Jensen.\" \/>\n<meta name=\"robots\" content=\"index, follow, max-snippet:-1, max-image-preview:large, max-video-preview:-1\" \/>\n<link rel=\"canonical\" href=\"https:\/\/realauthentication.com\/es\/we-authenticate-georg-jensen\/\" \/>\n<meta property=\"og:locale\" content=\"es_ES\" \/>\n<meta property=\"og:type\" content=\"article\" \/>\n<meta property=\"og:title\" content=\"We Authenticate Georg Jensen - REAL AUTHENTICATION\" \/>\n<meta property=\"og:description\" content=\"The leading online authentication service for luxury goods, providing trusted authentication services for authenticating Georg Jensen.\" \/>\n<meta property=\"og:url\" content=\"https:\/\/realauthentication.com\/es\/we-authenticate-georg-jensen\/\" \/>\n<meta property=\"og:site_name\" content=\"REAL AUTHENTICATION\" \/>\n<meta property=\"article:modified_time\" content=\"2026-03-26T21:02:49+00:00\" \/>\n<meta property=\"og:image\" content=\"https:\/\/realauthentication.com\/wp-content\/uploads\/elementor\/thumbs\/ra-about-download-b-qus6er0ibsjr9uti4q3kuu3xeac07mmxd78qlqy6za.png\" \/>\n<meta name=\"twitter:card\" content=\"summary_large_image\" \/>\n<meta name=\"twitter:label1\" content=\"Est. reading time\" \/>\n\t<meta name=\"twitter:data1\" content=\"2 minutos\" \/>\n<script type=\"application\/ld+json\" class=\"yoast-schema-graph\">{\"@context\":\"https:\\\/\\\/schema.org\",\"@graph\":[{\"@type\":\"WebPage\",\"@id\":\"https:\\\/\\\/realauthentication.com\\\/we-authenticate-georg-jensen\\\/\",\"url\":\"https:\\\/\\\/realauthentication.com\\\/we-authenticate-georg-jensen\\\/\",\"name\":\"We Authenticate Georg Jensen - REAL AUTHENTICATION\",\"isPartOf\":{\"@id\":\"https:\\\/\\\/realauthentication.com\\\/#website\"},\"primaryImageOfPage\":{\"@id\":\"https:\\\/\\\/realauthentication.com\\\/we-authenticate-georg-jensen\\\/#primaryimage\"},\"image\":{\"@id\":\"https:\\\/\\\/realauthentication.com\\\/we-authenticate-georg-jensen\\\/#primaryimage\"},\"thumbnailUrl\":\"https:\\\/\\\/realauthentication.com\\\/wp-content\\\/uploads\\\/elementor\\\/thumbs\\\/ra-about-download-b-qus6er0ibsjr9uti4q3kuu3xeac07mmxd78qlqy6za.png\",\"datePublished\":\"2023-05-10T23:32:28+00:00\",\"dateModified\":\"2026-03-26T21:02:49+00:00\",\"description\":\"The leading online authentication service for luxury goods, providing trusted authentication services for authenticating Georg Jensen.\",\"breadcrumb\":{\"@id\":\"https:\\\/\\\/realauthentication.com\\\/we-authenticate-georg-jensen\\\/#breadcrumb\"},\"inLanguage\":\"es\",\"potentialAction\":[{\"@type\":\"ReadAction\",\"target\":[\"https:\\\/\\\/realauthentication.com\\\/we-authenticate-georg-jensen\\\/\"]}]},{\"@type\":\"ImageObject\",\"inLanguage\":\"es\",\"@id\":\"https:\\\/\\\/realauthentication.com\\\/we-authenticate-georg-jensen\\\/#primaryimage\",\"url\":\"https:\\\/\\\/realauthentication.com\\\/wp-content\\\/uploads\\\/elementor\\\/thumbs\\\/ra-about-download-b-qus6er0ibsjr9uti4q3kuu3xeac07mmxd78qlqy6za.png\",\"contentUrl\":\"https:\\\/\\\/realauthentication.com\\\/wp-content\\\/uploads\\\/elementor\\\/thumbs\\\/ra-about-download-b-qus6er0ibsjr9uti4q3kuu3xeac07mmxd78qlqy6za.png\"},{\"@type\":\"BreadcrumbList\",\"@id\":\"https:\\\/\\\/realauthentication.com\\\/we-authenticate-georg-jensen\\\/#breadcrumb\",\"itemListElement\":[{\"@type\":\"ListItem\",\"position\":1,\"name\":\"Home\",\"item\":\"https:\\\/\\\/realauthentication.com\\\/\"},{\"@type\":\"ListItem\",\"position\":2,\"name\":\"We Authenticate Georg Jensen\"}]},{\"@type\":\"WebSite\",\"@id\":\"https:\\\/\\\/realauthentication.com\\\/#website\",\"url\":\"https:\\\/\\\/realauthentication.com\\\/\",\"name\":\"REAL AUTHENTICATION\",\"description\":\"Luxury Designer Authentication Services\",\"potentialAction\":[{\"@type\":\"SearchAction\",\"target\":{\"@type\":\"EntryPoint\",\"urlTemplate\":\"https:\\\/\\\/realauthentication.com\\\/?s={search_term_string}\"},\"query-input\":{\"@type\":\"PropertyValueSpecification\",\"valueRequired\":true,\"valueName\":\"search_term_string\"}}],\"inLanguage\":\"es\"}]}<\/script>\n<!-- \/ Yoast SEO plugin. -->","yoast_head_json":{"title":"We Authenticate Georg Jensen - REAL AUTHENTICATION","description":"The leading online authentication service for luxury goods, providing trusted authentication services for authenticating Georg Jensen.","robots":{"index":"index","follow":"follow","max-snippet":"max-snippet:-1","max-image-preview":"max-image-preview:large","max-video-preview":"max-video-preview:-1"},"canonical":"https:\/\/realauthentication.com\/es\/we-authenticate-georg-jensen\/","og_locale":"es_ES","og_type":"article","og_title":"We Authenticate Georg Jensen - REAL AUTHENTICATION","og_description":"The leading online authentication service for luxury goods, providing trusted authentication services for authenticating Georg Jensen.","og_url":"https:\/\/realauthentication.com\/es\/we-authenticate-georg-jensen\/","og_site_name":"REAL AUTHENTICATION","article_modified_time":"2026-03-26T21:02:49+00:00","og_image":[{"url":"https:\/\/realauthentication.com\/wp-content\/uploads\/elementor\/thumbs\/ra-about-download-b-qus6er0ibsjr9uti4q3kuu3xeac07mmxd78qlqy6za.png","type":"","width":"","height":""}],"twitter_card":"summary_large_image","twitter_misc":{"Est. reading time":"2 minutos"},"schema":{"@context":"https:\/\/schema.org","@graph":[{"@type":"WebPage","@id":"https:\/\/realauthentication.com\/we-authenticate-georg-jensen\/","url":"https:\/\/realauthentication.com\/we-authenticate-georg-jensen\/","name":"We Authenticate Georg Jensen - REAL AUTHENTICATION","isPartOf":{"@id":"https:\/\/realauthentication.com\/#website"},"primaryImageOfPage":{"@id":"https:\/\/realauthentication.com\/we-authenticate-georg-jensen\/#primaryimage"},"image":{"@id":"https:\/\/realauthentication.com\/we-authenticate-georg-jensen\/#primaryimage"},"thumbnailUrl":"https:\/\/realauthentication.com\/wp-content\/uploads\/elementor\/thumbs\/ra-about-download-b-qus6er0ibsjr9uti4q3kuu3xeac07mmxd78qlqy6za.png","datePublished":"2023-05-10T23:32:28+00:00","dateModified":"2026-03-26T21:02:49+00:00","description":"The leading online authentication service for luxury goods, providing trusted authentication services for authenticating Georg Jensen.","breadcrumb":{"@id":"https:\/\/realauthentication.com\/we-authenticate-georg-jensen\/#breadcrumb"},"inLanguage":"es","potentialAction":[{"@type":"ReadAction","target":["https:\/\/realauthentication.com\/we-authenticate-georg-jensen\/"]}]},{"@type":"ImageObject","inLanguage":"es","@id":"https:\/\/realauthentication.com\/we-authenticate-georg-jensen\/#primaryimage","url":"https:\/\/realauthentication.com\/wp-content\/uploads\/elementor\/thumbs\/ra-about-download-b-qus6er0ibsjr9uti4q3kuu3xeac07mmxd78qlqy6za.png","contentUrl":"https:\/\/realauthentication.com\/wp-content\/uploads\/elementor\/thumbs\/ra-about-download-b-qus6er0ibsjr9uti4q3kuu3xeac07mmxd78qlqy6za.png"},{"@type":"BreadcrumbList","@id":"https:\/\/realauthentication.com\/we-authenticate-georg-jensen\/#breadcrumb","itemListElement":[{"@type":"ListItem","position":1,"name":"Home","item":"https:\/\/realauthentication.com\/"},{"@type":"ListItem","position":2,"name":"We Authenticate Georg Jensen"}]},{"@type":"WebSite","@id":"https:\/\/realauthentication.com\/#website","url":"https:\/\/realauthentication.com\/","name":"AUTENTICACI\u00d3N REAL","description":"Servicios de autenticaci\u00f3n de dise\u00f1adores de lujo","potentialAction":[{"@type":"SearchAction","target":{"@type":"EntryPoint","urlTemplate":"https:\/\/realauthentication.com\/?s={search_term_string}"},"query-input":{"@type":"PropertyValueSpecification","valueRequired":true,"valueName":"search_term_string"}}],"inLanguage":"es"}]}},"featured_image_src":null,"featured_image_src_square":null,"_links":{"self":[{"href":"https:\/\/realauthentication.com\/es\/wp-json\/wp\/v2\/pages\/8105","targetHints":{"allow":["GET"]}}],"collection":[{"href":"https:\/\/realauthentication.com\/es\/wp-json\/wp\/v2\/pages"}],"about":[{"href":"https:\/\/realauthentication.com\/es\/wp-json\/wp\/v2\/types\/page"}],"author":[{"embeddable":true,"href":"https:\/\/realauthentication.com\/es\/wp-json\/wp\/v2\/users\/7"}],"replies":[{"embeddable":true,"href":"https:\/\/realauthentication.com\/es\/wp-json\/wp\/v2\/comments?post=8105"}],"version-history":[{"count":0,"href":"https:\/\/realauthentication.com\/es\/wp-json\/wp\/v2\/pages\/8105\/revisions"}],"wp:attachment":[{"href":"https:\/\/realauthentication.com\/es\/wp-json\/wp\/v2\/media?parent=8105"}],"curies":[{"name":"wp","href":"https:\/\/api.w.org\/{rel}","templated":true}]}}